{"id":2172,"date":"2018-07-23T23:00:15","date_gmt":"2018-07-23T22:00:15","guid":{"rendered":"http:\/\/cifo2016.ori-estarreja.pt\/?page_id=2172"},"modified":"2018-09-20T23:00:29","modified_gmt":"2018-09-20T22:00:29","slug":"programa","status":"publish","type":"page","link":"http:\/\/cifo2018.ori-estarreja.pt\/?page_id=2172","title":{"rendered":"Programa"},"content":{"rendered":"<h3><img loading=\"lazy\" class=\"aligncenter wp-image-3220\" src=\"http:\/\/cifo2018.ori-estarreja.pt\/wp-content\/uploads\/2018\/07\/set2018-300x300.jpeg\" alt=\"\" width=\"150\" height=\"150\" srcset=\"http:\/\/cifo2018.ori-estarreja.pt\/wp-content\/uploads\/2018\/07\/set2018-300x300.jpeg 300w, http:\/\/cifo2018.ori-estarreja.pt\/wp-content\/uploads\/2018\/07\/set2018-150x150.jpeg 150w, http:\/\/cifo2018.ori-estarreja.pt\/wp-content\/uploads\/2018\/07\/set2018.jpeg 612w\" sizes=\"(max-width: 150px) 100vw, 150px\" \/><\/h3>\n<h3>17 de setembro (segunda feira)<\/h3>\n<ul>\n<li>Data limite para inscri\u00e7\u00f5es a pre\u00e7os com desconto<\/li>\n<\/ul>\n<h3>24 de setembro (segunda feira)<\/h3>\n<ul>\n<li>Data limite para inscri\u00e7\u00f5es em Escal\u00f5es de Competi\u00e7\u00e3o<\/li>\n<\/ul>\n<p><em>Nota: As inscri\u00e7\u00f5es em Escal\u00f5es Abertos ser\u00e3o aceites at\u00e9 \u00e0 data da prova, mas ficam dependentes da disponibilidade de mapas.<\/em><\/p>\n<h3>28 de setembro (sexta feira \u2013 Dia 0)<\/h3>\n<ul>\n<li>13h00 &#8211; Abertura do Secretariado &#8211; Model &#8211; Parque de Merendas da Gafanha da Boa\u00a0 Hora<\/li>\n<li>13h30 &#8211; Abertura do Model Event &#8211; Mira Norte<\/li>\n<li>18h00 &#8211; Encerramento do Secretariado &#8211; Model<\/li>\n<li>18h00 &#8211; Abertura do Solo Duro &#8211; Est\u00e1dio Municipal de Vagos<\/li>\n<\/ul>\n<p style=\"padding-left: 30px;\"><strong>BANHOS:<\/strong><\/p>\n<p style=\"padding-left: 30px;\"><strong>18h00 &#8211; 23h30 &#8211; Pavilh\u00e3o Municipal de Vagos<\/strong><\/p>\n<h3>29 de setembro (s\u00e1bado \u2013 Dia 1)<\/h3>\n<h4>Manh\u00e3<\/h4>\n<ul>\n<li>08h30 &#8211; Abertura do Secretariado na Arena &#8211; Parque de Merendas da Gafanha da Boa\u00a0 Hora<\/li>\n<li>10h00 &#8211; In\u00edcio das Partidas &#8211; Dist\u00e2ncia M\u00e9dia &#8211; Gafanha da Boa Hora<\/li>\n<li>10h30 \/ 11h30 &#8211; Partidas dos Escal\u00f5es Abertos, D\/H10 e D\/H12<\/li>\n<\/ul>\n<h4>Tarde<\/h4>\n<ul>\n<li>15h00 &#8211; Abertura do Secretariado &#8211; Parque Municipal de Campismo Praia de Mira<\/li>\n<li>15h00 &#8211; Abertura do Babysitting &#8211; Parque Municipal de Campismo Praia de Mira<\/li>\n<li>16h00 &#8211; Abertura da Quarentena do Sprint &#8211; Parque Municipal de Campismo Praia de Mira<\/li>\n<li>16h30 &#8211; Fecho da Quarentena do Sprint<\/li>\n<li>17h00 &#8211; In\u00edcio das Partidas &#8211; Sprint &#8211; Praia de Mira<\/li>\n<li>17h15 \/ 17h45 &#8211; Partidas dos Escal\u00f5es Abertos, D\/H10 e D\/H12<\/li>\n<li>19h30 &#8211; A\u00e7\u00e3o de Sensibiliza\u00e7\u00e3o &#8211; Projeto &#8220;Orienta-te por Valores&#8221; &#8211;\u00a0Pavilh\u00e3o Municipal de Vagos<\/li>\n<\/ul>\n<p style=\"padding-left: 30px;\"><strong>BANHOS:<\/strong><\/p>\n<p style=\"padding-left: 60px;\"><strong>at\u00e9 \u00e0s 6h30 &#8211;\u00a0 Est\u00e1dio\u00a0 Municipal de Vagos<\/strong><\/p>\n<p style=\"padding-left: 60px;\"><strong>6h30 &#8211; 21h30 &#8211; Pavilh\u00e3o Municipal de Vagos<\/strong><\/p>\n<p style=\"padding-left: 60px;\"><strong>a partir das 21h30 &#8211; Est\u00e1dio\u00a0 Municipal de Vagos<\/strong><\/p>\n<h3>30 de setembro (domingo \u2013 Dia 2)<\/h3>\n<ul>\n<li>08h00 &#8211; Abertura do Secretariado na Arena &#8211; Parque de Merendas da Gafanha da Boa\u00a0 Hora<\/li>\n<li>09h00 &#8211; In\u00edcio das Partidas \u2013 Dist\u00e2ncia Longa &#8211; Gafanha da Boa Hora<\/li>\n<li>09h30 \/ 10h30 &#8211; Partidas dos Escal\u00f5es Abertos, D\/H10 e D\/H12<\/li>\n<li>14h00 &#8211; Cerim\u00f3nia de Entrega de Pr\u00e9mios<\/li>\n<li>16h00 &#8211; Encerramento do Solo Duro<\/li>\n<\/ul>\n<p style=\"padding-left: 30px;\"><strong>BANHOS:<\/strong><\/p>\n<p style=\"padding-left: 60px;\"><strong>at\u00e9 \u00e0s 6h30 &#8211;\u00a0 Est\u00e1dio\u00a0 Municipal de Vagos<\/strong><\/p>\n<p style=\"padding-left: 60px;\"><strong>a partir das 6h30 &#8211; Pavilh\u00e3o\u00a0 Municipal de Vagos<\/strong><\/p>\n","protected":false},"excerpt":{"rendered":"<p>17 de setembro (segunda feira) Data limite para inscri\u00e7\u00f5es a pre\u00e7os com desconto 24 de setembro (segunda feira) Data limite para inscri\u00e7\u00f5es em Escal\u00f5es de Competi\u00e7\u00e3o Nota: As inscri\u00e7\u00f5es em &#8230;<\/p>\n","protected":false},"author":1,"featured_media":0,"parent":0,"menu_order":0,"comment_status":"closed","ping_status":"closed","template":"","meta":[],"_links":{"self":[{"href":"http:\/\/cifo2018.ori-estarreja.pt\/index.php?rest_route=\/wp\/v2\/pages\/2172"}],"collection":[{"href":"http:\/\/cifo2018.ori-estarreja.pt\/index.php?rest_route=\/wp\/v2\/pages"}],"about":[{"href":"http:\/\/cifo2018.ori-estarreja.pt\/index.php?rest_route=\/wp\/v2\/types\/page"}],"author":[{"embeddable":true,"href":"http:\/\/cifo2018.ori-estarreja.pt\/index.php?rest_route=\/wp\/v2\/users\/1"}],"replies":[{"embeddable":true,"href":"http:\/\/cifo2018.ori-estarreja.pt\/index.php?rest_route=%2Fwp%2Fv2%2Fcomments&post=2172"}],"version-history":[{"count":17,"href":"http:\/\/cifo2018.ori-estarreja.pt\/index.php?rest_route=\/wp\/v2\/pages\/2172\/revisions"}],"predecessor-version":[{"id":3684,"href":"http:\/\/cifo2018.ori-estarreja.pt\/index.php?rest_route=\/wp\/v2\/pages\/2172\/revisions\/3684"}],"wp:attachment":[{"href":"http:\/\/cifo2018.ori-estarreja.pt\/index.php?rest_route=%2Fwp%2Fv2%2Fmedia&parent=2172"}],"curies":[{"name":"wp","href":"https:\/\/api.w.org\/{rel}","templated":true}]}}