{"id":2176,"date":"2015-07-25T23:01:55","date_gmt":"2015-07-25T22:01:55","guid":{"rendered":"http:\/\/cifo2016.ori-estarreja.pt\/?page_id=2176"},"modified":"2018-09-27T13:41:37","modified_gmt":"2018-09-27T12:41:37","slug":"informacao-geral","status":"publish","type":"page","link":"http:\/\/cifo2018.ori-estarreja.pt\/?page_id=2176","title":{"rendered":"Informa\u00e7\u00e3o Geral"},"content":{"rendered":"<h3><img loading=\"lazy\" class=\"aligncenter wp-image-2252\" src=\"http:\/\/cifo2018.ori-estarreja.pt\/wp-content\/uploads\/2015\/10\/information_logo.jpg\" alt=\"\" width=\"150\" height=\"150\" srcset=\"http:\/\/cifo2018.ori-estarreja.pt\/wp-content\/uploads\/2015\/10\/information_logo.jpg 300w, http:\/\/cifo2018.ori-estarreja.pt\/wp-content\/uploads\/2015\/10\/information_logo-150x150.jpg 150w\" sizes=\"(max-width: 150px) 100vw, 150px\" \/><\/h3>\n<h3>Diretores do Evento:<\/h3>\n<ul>\n<li>Joana Marques<\/li>\n<li>Rui Oliveira<\/li>\n<li>Daniel Cruz<\/li>\n<\/ul>\n<h3>Supervisor FPO:<\/h3>\n<ul>\n<li>Alexandre Reis<\/li>\n<\/ul>\n<h3>Solo Duro e Banhos<\/h3>\n<ul>\n<li>Solo Duro:\n<ul>\n<li>Est\u00e1dio Municipal de Vagos\n<ul>\n<li>Abertura: 6\u00aa feira \/ 18h<\/li>\n<li>Fecho: domingo \/ 16h<\/li>\n<\/ul>\n<\/li>\n<\/ul>\n<\/li>\n<\/ul>\n<p>&nbsp;<\/p>\n<ul>\n<li>Banhos:\n<ul>\n<li>Pavilh\u00e3o Municipal de Vagos<\/li>\n<li>Est\u00e1dio Municipal de Vagos\n<ul>\n<li>Ver hor\u00e1rios em\u00a0<a href=\"http:\/\/cifo2018.ori-estarreja.pt\/?page_id=2172\">Programa<\/a><\/li>\n<\/ul>\n<\/li>\n<\/ul>\n<\/li>\n<\/ul>\n<p><em>Nota: \u00c9 proibido utilizar sapatos de bicos no interior do recinto.<\/em><\/p>\n<p><em>Nota: \u00c9 proibido cozinhar e comer no recinto.<\/em><\/p>\n<h3>Model Event<\/h3>\n<ul>\n<li>Mapa de Mira Norte\n<ul>\n<li>Este mapa foi utilizado no Campeonato Nacional de M\u00e9dia e Estafetas 2013, sendo o terreno muito similar ao que os atletas encontrar\u00e3o na prova de dist\u00e2ncia M\u00e9dia e Longa.<\/li>\n<\/ul>\n<\/li>\n<li>Mapas dispon\u00edveis\u00a0no secretariado do Model Event no dia 28 de setembro\n<ul>\n<li>Pre\u00e7o por mapa: 3\u20ac.<\/li>\n<\/ul>\n<\/li>\n<\/ul>\n<h3>Peitoral CIFO 2018<\/h3>\n<ul>\n<li>O peitoral oficial do CIFO 2018 ter\u00e1 impresso o dorsal, <del>o escal\u00e3o, o ID do SI Card, o Clube e o Pa\u00eds do atleta;<\/del><\/li>\n<li>Os peitorais do CIFO 2018 devem ser levantados no secretariado, antes do evento, n\u00e3o sendo autorizada a partida de nenhum atleta sem o mesmo.<\/li>\n<\/ul>\n<h3>Sprint<\/h3>\n<ul>\n<li>Existir\u00e1 uma quarentena antes da prova do Sprint, em local a Definir<\/li>\n<li>A quarentena abre \u00e0s 16:00 e encerra \u00e0s 16:30.\n<ul>\n<li>N\u00e3o ser\u00e1 permitida a entrada de nenhum atleta ap\u00f3s a hora indicada de fecho;<\/li>\n<\/ul>\n<\/li>\n<li>Haver\u00e1 uma pr\u00e9-partida ao minuto -7, que guiar\u00e1 os atletas at\u00e9 ao minuto -3;<\/li>\n<li>H\u00e1\u00a0estacionamento junto \u00e0 quarentena;<\/li>\n<li>Aparelhos electr\u00f3nicos como telem\u00f3veis, tablets, computadores; MP3\/4 com ecr\u00e3, ou similares, n\u00e3o s\u00e3o permitidos na Quarentena.\n<ul>\n<li>O seu uso ser\u00e1 punido com a desqualifica\u00e7\u00e3o;<\/li>\n<\/ul>\n<\/li>\n<li>Haver\u00e1 servi\u00e7o de recolha de malas na quarentena\n<ul>\n<li>Os atletas devem deixar as suas malas no local indicado, ficando a organiza\u00e7\u00e3o respons\u00e1vel pelo seu transporte para a arena.<\/li>\n<\/ul>\n<\/li>\n<\/ul>\n<p><em>Nota: A Organiza\u00e7\u00e3o n\u00e3o se responsabiliza por danos\/perdas de material, aconselhando os atletas a guardarem os seus objetos de forma segura;<\/em><\/p>\n<h3>Altera\u00e7\u00f5es de SIcard<\/h3>\n<ul>\n<li>As altera\u00e7\u00f5es de\u00a0SI Card tem obrigatoriamente de ser solicitadas no secretariado.\n<ul>\n<li>N\u00e3o ser\u00e3o autorizadas partidas de atletas com altera\u00e7\u00f5es de dados que n\u00e3o tenham sido previamente validadas no secretariado.<\/li>\n<\/ul>\n<\/li>\n<\/ul>\n<h3>Aluguer de SIcard<\/h3>\n<ul>\n<li>O aluguer de um SIcard custa 2,00 \u20ac por prova, nos escal\u00f5es de Competi\u00e7\u00e3o e Forma\u00e7\u00e3o, sendo gratuito para escal\u00f5es Abertos;<\/li>\n<\/ul>\n<p><em>Nota: A perda ou n\u00e3o devolu\u00e7\u00e3o do SI Card alugado implica o pagamento de 50\u20ac.<\/em><\/p>\n<h3>Seguro<\/h3>\n<ul>\n<li>Atletas federados na Federa\u00e7\u00e3o Portuguesa de Orienta\u00e7\u00e3o (FPO) e atletas n\u00e3o federados mas residentes em Portugal ou com nacionalidade portuguesa est\u00e3o cobertos pelo seguro da FPO.<\/li>\n<li>Os restantes atletas n\u00e3o est\u00e3o cobertos por qualquer seguro.<\/li>\n<\/ul>\n<h3>Horas de partida<\/h3>\n<ul>\n<li>Em escal\u00f5es de competi\u00e7\u00e3o, n\u00e3o haver\u00e1 altera\u00e7\u00f5es na hora de partida no dia da prova.<\/li>\n<li>Os Escal\u00f5es Abertos, D\/H10 e D\/H12 n\u00e3o t\u00eam hora de partida. Haver\u00e1 uma janela de tempo onde podem iniciar a sua prova utilizando uma esta\u00e7\u00e3o \u201cSTART\u201d.<\/li>\n<\/ul>\n<h3>Tempo limite de prova<\/h3>\n<ul>\n<li>Dist\u00e2ncia M\u00e9dia &#8211; 2 horas<\/li>\n<li>Sprint &#8211; 1 hora<\/li>\n<li>Dist\u00e2ncia Longa &#8211; 3 horas<\/li>\n<\/ul>\n<h3>Recolha de mapas<\/h3>\n<ul>\n<li>N\u00e3o haver\u00e1 recolha de mapas no final dos percursos. Apela-se ao Fair-Play de todos os participantes.<\/li>\n<\/ul>\n<h3>Resultados e Pr\u00e9mios<\/h3>\n<ul>\n<li>Campeonato Ib\u00e9rico Feminino 2018\n<ul>\n<li>Individual: Pr\u00e9mios para as 3 melhores atletas na soma dos pontos das tr\u00eas provas (dist\u00e2ncia M\u00e9dia, Longa e Sprint), nos escal\u00f5es de competi\u00e7\u00e3o. Ver\u00a0<a href=\"http:\/\/cifo2018.ori-estarreja.pt\/?page_id=2188\">Regulamentos e Regras<\/a>.<\/li>\n<\/ul>\n<\/li>\n<li>Classifica\u00e7\u00e3o geral do evento:\n<ul>\n<li>A classifica\u00e7\u00e3o final (individual e coletiva) do evento ser\u00e1 obtida pela soma dos pontos das tr\u00eas provas (dist\u00e2ncia M\u00e9dia, Longa e Sprint);<\/li>\n<li>Pr\u00e9mios para os 3 melhores clubes;<\/li>\n<li>Pr\u00e9mios para os 3 primeiros classificados dos escal\u00f5es de competi\u00e7\u00e3o (5 primeiros no escal\u00e3o D\/H Elite)<\/li>\n<li>Todos os participantes dos escal\u00f5es D\/H10 e D\/H12 receber\u00e3o uma lembran\u00e7a, independentemente do seu resultado.<\/li>\n<\/ul>\n<\/li>\n<\/ul>\n<h3>Sinaliza\u00e7\u00e3o<\/h3>\n<ul>\n<li>Todos os locais\/eventos estar\u00e3o devidamente assinalados pela Organiza\u00e7\u00e3o com setas laranja e brancas.<\/li>\n<\/ul>\n","protected":false},"excerpt":{"rendered":"<p>Diretores do Evento: Joana Marques Rui Oliveira Daniel Cruz Supervisor FPO: Alexandre Reis Solo Duro e Banhos Solo Duro: Est\u00e1dio Municipal de Vagos Abertura: 6\u00aa feira \/ 18h Fecho: domingo &#8230;<\/p>\n","protected":false},"author":1,"featured_media":0,"parent":0,"menu_order":0,"comment_status":"closed","ping_status":"closed","template":"","meta":[],"_links":{"self":[{"href":"http:\/\/cifo2018.ori-estarreja.pt\/index.php?rest_route=\/wp\/v2\/pages\/2176"}],"collection":[{"href":"http:\/\/cifo2018.ori-estarreja.pt\/index.php?rest_route=\/wp\/v2\/pages"}],"about":[{"href":"http:\/\/cifo2018.ori-estarreja.pt\/index.php?rest_route=\/wp\/v2\/types\/page"}],"author":[{"embeddable":true,"href":"http:\/\/cifo2018.ori-estarreja.pt\/index.php?rest_route=\/wp\/v2\/users\/1"}],"replies":[{"embeddable":true,"href":"http:\/\/cifo2018.ori-estarreja.pt\/index.php?rest_route=%2Fwp%2Fv2%2Fcomments&post=2176"}],"version-history":[{"count":10,"href":"http:\/\/cifo2018.ori-estarreja.pt\/index.php?rest_route=\/wp\/v2\/pages\/2176\/revisions"}],"predecessor-version":[{"id":3792,"href":"http:\/\/cifo2018.ori-estarreja.pt\/index.php?rest_route=\/wp\/v2\/pages\/2176\/revisions\/3792"}],"wp:attachment":[{"href":"http:\/\/cifo2018.ori-estarreja.pt\/index.php?rest_route=%2Fwp%2Fv2%2Fmedia&parent=2176"}],"curies":[{"name":"wp","href":"https:\/\/api.w.org\/{rel}","templated":true}]}}