{"id":2174,"date":"2018-07-23T23:58:02","date_gmt":"2018-07-23T22:58:02","guid":{"rendered":"http:\/\/cifo2016.ori-estarreja.pt\/?page_id=2174"},"modified":"2018-09-20T23:00:33","modified_gmt":"2018-09-20T22:00:33","slug":"programa-2","status":"publish","type":"page","link":"https:\/\/cifo2018.ori-estarreja.pt\/?page_id=2174&lang=es","title":{"rendered":"Programa"},"content":{"rendered":"<p>&nbsp;<\/p>\n<p><img loading=\"lazy\" class=\"aligncenter wp-image-3220\" src=\"http:\/\/cifo2018.ori-estarreja.pt\/wp-content\/uploads\/2018\/07\/set2018-300x300.jpeg\" alt=\"\" width=\"150\" height=\"150\" srcset=\"https:\/\/cifo2018.ori-estarreja.pt\/wp-content\/uploads\/2018\/07\/set2018-300x300.jpeg 300w, https:\/\/cifo2018.ori-estarreja.pt\/wp-content\/uploads\/2018\/07\/set2018-150x150.jpeg 150w, https:\/\/cifo2018.ori-estarreja.pt\/wp-content\/uploads\/2018\/07\/set2018.jpeg 612w\" sizes=\"(max-width: 150px) 100vw, 150px\" \/><\/p>\n<h3>17 septiembre (lunes)<\/h3>\n<ul>\n<li>fecha\u00a0l\u00edmite para inscripciones a precios con discuento<\/li>\n<\/ul>\n<h3>24 septiembre (lunes)<\/h3>\n<ul>\n<li>fecha\u00a0l\u00edmite para inscripciones en Categor\u00edas de Competici\u00f3n<\/li>\n<\/ul>\n<p>\u00a1Ojo! La<em>s inscripciones en Categor\u00edas\u00a0No Oficiales (Open)\u00a0ser\u00e1n aceptadas hasta la fecha de la prueba, pero estar\u00e1n dependientes de la disponibilidad de mapas.<\/em><\/p>\n<h3>28 septiembre (viernes \u2013 D\u00eda 0)<\/h3>\n<ul>\n<li>13h00 &#8211; Apertura de la Secretar\u00eda &#8211; Model &#8211; Parque de Picnic de Gafanha da Boa Hora<\/li>\n<li>13h30 &#8211;\u00a0Apertura del Model Event &#8211; Mira Norte<\/li>\n<li>18h00 &#8211;\u00a0Cierre de la\u00a0Secretar\u00eda &#8211; Model<\/li>\n<li>18h00 &#8211; Apertura del Suelo Duro &#8211; Estadio Municipal de Vagos<\/li>\n<\/ul>\n<p style=\"padding-left: 30px;\"><strong>DUCHAS:<\/strong><\/p>\n<p style=\"padding-left: 60px;\"><strong>18h00 &#8211; 23h30 &#8211; Polideportivo Municipal de Vagos<\/strong><\/p>\n<h3>29 septiembre (s\u00e1bado \u2013 d\u00eda 1)<\/h3>\n<h4>Ma\u00f1ana<\/h4>\n<ul>\n<li>08h30 &#8211; Apertura de la Secretar\u00eda en la zona de competici\u00f3n &#8211; Parque de Picnic de Gafanha da Boa Hora<\/li>\n<li>10h00 &#8211;\u00a0Salida del primer corredor de la carrera de\u00a0Media Distancia\u00a0&#8211; Gafanha da Boa Hora<\/li>\n<li>10h30 \/ 11h30 &#8211; Salida de los\u00a0corredores de las Categor\u00edas No Oficiales (Open), D\/H10\u00a0y D\/H12<\/li>\n<\/ul>\n<h4>Tarde<\/h4>\n<ul>\n<li>15h00 &#8211; Apertura de la Secretar\u00eda &#8211; Parque Municipal de Camping de la Playa de Mira<\/li>\n<li>15h00 &#8211; Apertura de Babysitting\u00a0 &#8211; Parque Municipal de Camping de la Playa de Mira<\/li>\n<li>16h00 &#8211; Apertura de la Cuarentena de la carrera de\u00a0Sprint &#8211; Parque Municipal de Camping de la Playa de Mira<\/li>\n<li>16h30 &#8211;\u00a0Cierre de la Cuarentena de la carrera de\u00a0Sprint<\/li>\n<li>17h00 &#8211; Salida del primer corredor de la carrera de Sprint &#8211; Playa de Mira<\/li>\n<li>17h15 \/17h45 &#8211; \u00a0Salida de los\u00a0corredores de las Categor\u00edas No Oficiales (Open), D\/H10\u00a0y D\/H12<\/li>\n<li>19h30 \/ 20h30 &#8211; Acci\u00f3n de sensibilizaci\u00f3n &#8211; Proyecto &#8220;Orienta-te por Valores&#8221; &#8211;\u00a0Polideportivo Municipal de Vagos<\/li>\n<\/ul>\n<p style=\"padding-left: 30px;\"><strong>DUCHAS:<\/strong><\/p>\n<p style=\"padding-left: 60px;\"><strong>hasta las 6h30 &#8211;\u00a0 Estadio\u00a0 Municipal de Vagos<\/strong><\/p>\n<p style=\"padding-left: 60px;\"><strong>6h30 &#8211; 21h30 &#8211; Polideportivo Municipal de Vagos<\/strong><\/p>\n<p style=\"padding-left: 60px;\"><strong>a partir de las 21h30 &#8211; Estadio\u00a0 Municipal de Vagos<\/strong><\/p>\n<h3>30 septiembre (domingo \u2013 D\u00eda 2)<\/h3>\n<ul>\n<li>08h00 &#8211; Apertura de la\u00a0Secretar\u00eda\u00a0en la zona de competici\u00f3n\u00a0&#8211;\u00a0Parque de Picnic de Gafanha da Boa Hora<\/li>\n<li>09h00 &#8211; Salida del primer corredor de la carrera de Larga\u00a0Distancia &#8211; Gafanha da Boa Hora<\/li>\n<li>09h30 \/ 10h30 &#8211; \u00a0Salida de los\u00a0corredores de las Categor\u00edas No Oficiales (Open), D\/H10\u00a0y D\/H12<\/li>\n<li>14h00 &#8211; Ceremonia de Entrega de Trofeos<\/li>\n<li>16h00 &#8211;\u00a0Cierre del Suelo Duro<\/li>\n<\/ul>\n<p style=\"padding-left: 30px;\"><strong>DUCHAS:<\/strong><\/p>\n<p style=\"padding-left: 60px;\"><strong>hasta las 6h30 &#8211;\u00a0 Estadio\u00a0 Municipal de Vagos<\/strong><\/p>\n<p style=\"padding-left: 60px;\"><strong>a partir de las 6h30 &#8211; Polideportivo Municipal de Vagos<\/strong><\/p>\n<p style=\"padding-left: 60px;\">\n","protected":false},"excerpt":{"rendered":"<p>&nbsp; 17 septiembre (lunes) fecha\u00a0l\u00edmite para inscripciones a precios con discuento 24 septiembre (lunes) fecha\u00a0l\u00edmite para inscripciones en Categor\u00edas de Competici\u00f3n \u00a1Ojo! Las inscripciones en Categor\u00edas\u00a0No Oficiales (Open)\u00a0ser\u00e1n aceptadas hasta &#8230;<\/p>\n","protected":false},"author":1,"featured_media":0,"parent":0,"menu_order":0,"comment_status":"closed","ping_status":"closed","template":"","meta":[],"_links":{"self":[{"href":"https:\/\/cifo2018.ori-estarreja.pt\/index.php?rest_route=\/wp\/v2\/pages\/2174"}],"collection":[{"href":"https:\/\/cifo2018.ori-estarreja.pt\/index.php?rest_route=\/wp\/v2\/pages"}],"about":[{"href":"https:\/\/cifo2018.ori-estarreja.pt\/index.php?rest_route=\/wp\/v2\/types\/page"}],"author":[{"embeddable":true,"href":"https:\/\/cifo2018.ori-estarreja.pt\/index.php?rest_route=\/wp\/v2\/users\/1"}],"replies":[{"embeddable":true,"href":"https:\/\/cifo2018.ori-estarreja.pt\/index.php?rest_route=%2Fwp%2Fv2%2Fcomments&post=2174"}],"version-history":[{"count":9,"href":"https:\/\/cifo2018.ori-estarreja.pt\/index.php?rest_route=\/wp\/v2\/pages\/2174\/revisions"}],"predecessor-version":[{"id":3621,"href":"https:\/\/cifo2018.ori-estarreja.pt\/index.php?rest_route=\/wp\/v2\/pages\/2174\/revisions\/3621"}],"wp:attachment":[{"href":"https:\/\/cifo2018.ori-estarreja.pt\/index.php?rest_route=%2Fwp%2Fv2%2Fmedia&parent=2174"}],"curies":[{"name":"wp","href":"https:\/\/api.w.org\/{rel}","templated":true}]}}