{"id":2188,"date":"2018-07-25T22:51:08","date_gmt":"2018-07-25T21:51:08","guid":{"rendered":"http:\/\/cifo2016.ori-estarreja.pt\/?page_id=2188"},"modified":"2018-07-26T21:17:48","modified_gmt":"2018-07-26T20:17:48","slug":"regulamentos-e-regras","status":"publish","type":"page","link":"https:\/\/cifo2018.ori-estarreja.pt\/?page_id=2188","title":{"rendered":"Regulamentos e Regras"},"content":{"rendered":"<div class='content-column one_half'><p><img loading=\"lazy\" class=\"size-full wp-image-2130 aligncenter\" src=\"http:\/\/cifo2018.ori-estarreja.pt\/wp-content\/uploads\/2015\/10\/FPO_web_150px.jpg\" alt=\"\" width=\"150\" height=\"150\" \/><\/p><\/div>\n<div class='content-column one_half last_column'><p><img loading=\"lazy\" class=\"size-medium wp-image-2372 aligncenter\" src=\"http:\/\/cifo2018.ori-estarreja.pt\/wp-content\/uploads\/2015\/10\/fedo-300x146.gif\" alt=\"\" width=\"300\" height=\"146\" \/><\/p><\/div><div class='clear_column'><\/div>\n<p>&nbsp;<\/p>\n<p>O Campeonato Ib\u00e9rico Feminino de Orienta\u00e7\u00e3o 2018, no que respeita aos escal\u00f5es de competi\u00e7\u00e3o e atribui\u00e7\u00e3o de t\u00edtulos, rege-se pelo Protocolo FPO\/FEDO dispon\u00edvel <a href=\"http:\/\/cifo2018.ori-estarreja.pt\/wp-content\/uploads\/2018\/07\/protocolo-fpo-fedo-final.pdf\" target=\"_blank\" rel=\"noopener\">AQUI<\/a>.<\/p>\n<p>&nbsp;<\/p>\n<p>Os t\u00edtulos Ib\u00e9ricos s\u00e3o atribu\u00eddos nos seguintes escal\u00f5es:<\/p>\n<ul>\n<li>\u00a0 D14,D16,D18,D20,D21Elite,D35,D40,D45,D50,D55,D60,D65,D70,D75<\/li>\n<\/ul>\n<p>&nbsp;<\/p>\n<p>A competi\u00e7\u00e3o rege-se pelo Regulamento de Competi\u00e7\u00f5es da FPO 2018, que pode ser consultado <a href=\"http:\/\/cifo2018.ori-estarreja.pt\/wp-content\/uploads\/2018\/07\/regulamento-competicoes-fpo-2018-pedestre.pdf\" target=\"_blank\" rel=\"noopener\">AQUI<\/a>.<\/p>\n","protected":false},"excerpt":{"rendered":"<p>&nbsp; O Campeonato Ib\u00e9rico Feminino de Orienta\u00e7\u00e3o 2018, no que respeita aos escal\u00f5es de competi\u00e7\u00e3o e atribui\u00e7\u00e3o de t\u00edtulos, rege-se pelo Protocolo FPO\/FEDO dispon\u00edvel AQUI. &nbsp; Os t\u00edtulos Ib\u00e9ricos s\u00e3o &#8230;<\/p>\n","protected":false},"author":1,"featured_media":0,"parent":0,"menu_order":0,"comment_status":"closed","ping_status":"closed","template":"","meta":[],"_links":{"self":[{"href":"https:\/\/cifo2018.ori-estarreja.pt\/index.php?rest_route=\/wp\/v2\/pages\/2188"}],"collection":[{"href":"https:\/\/cifo2018.ori-estarreja.pt\/index.php?rest_route=\/wp\/v2\/pages"}],"about":[{"href":"https:\/\/cifo2018.ori-estarreja.pt\/index.php?rest_route=\/wp\/v2\/types\/page"}],"author":[{"embeddable":true,"href":"https:\/\/cifo2018.ori-estarreja.pt\/index.php?rest_route=\/wp\/v2\/users\/1"}],"replies":[{"embeddable":true,"href":"https:\/\/cifo2018.ori-estarreja.pt\/index.php?rest_route=%2Fwp%2Fv2%2Fcomments&post=2188"}],"version-history":[{"count":8,"href":"https:\/\/cifo2018.ori-estarreja.pt\/index.php?rest_route=\/wp\/v2\/pages\/2188\/revisions"}],"predecessor-version":[{"id":3251,"href":"https:\/\/cifo2018.ori-estarreja.pt\/index.php?rest_route=\/wp\/v2\/pages\/2188\/revisions\/3251"}],"wp:attachment":[{"href":"https:\/\/cifo2018.ori-estarreja.pt\/index.php?rest_route=%2Fwp%2Fv2%2Fmedia&parent=2188"}],"curies":[{"name":"wp","href":"https:\/\/api.w.org\/{rel}","templated":true}]}}