{"id":2192,"date":"2018-07-26T18:55:40","date_gmt":"2018-07-26T17:55:40","guid":{"rendered":"http:\/\/cifo2016.ori-estarreja.pt\/?page_id=2192"},"modified":"2018-08-17T15:51:48","modified_gmt":"2018-08-17T14:51:48","slug":"escaloes-fpo","status":"publish","type":"page","link":"https:\/\/cifo2018.ori-estarreja.pt\/?page_id=2192","title":{"rendered":"Escal\u00f5es"},"content":{"rendered":"<p>\n<table id=\"tablepress-27\" class=\"tablepress tablepress-id-27 tablepress-responsive\">\n<thead>\n<tr class=\"row-1 odd\">\n\t<th class=\"column-1\">Escal\u00f5es de Competi\u00e7\u00e3o<\/th><th class=\"column-2\">Ano Nascimento<\/th>\n<\/tr>\n<\/thead>\n<tbody class=\"row-hover\">\n<tr class=\"row-2 even\">\n\t<td class=\"column-1\">D\/H 14<\/td><td class=\"column-2\">2004 e 2005<\/td>\n<\/tr>\n<tr class=\"row-3 odd\">\n\t<td class=\"column-1\">D\/H 16<\/td><td class=\"column-2\">2002 e 2003<\/td>\n<\/tr>\n<tr class=\"row-4 even\">\n\t<td class=\"column-1\">D\/H 18<\/td><td class=\"column-2\">2000 e 2001<\/td>\n<\/tr>\n<tr class=\"row-5 odd\">\n\t<td class=\"column-1\">D\/H 20<\/td><td class=\"column-2\">1998 e 1999<\/td>\n<\/tr>\n<tr class=\"row-6 even\">\n\t<td class=\"column-1\">D Elite\/21A\/21B<\/td><td class=\"column-2\">1984 a 1997<\/td>\n<\/tr>\n<tr class=\"row-7 odd\">\n\t<td class=\"column-1\">H Elite\/21A\/21B<\/td><td class=\"column-2\">1984 a 1997<\/td>\n<\/tr>\n<tr class=\"row-8 even\">\n\t<td class=\"column-1\">D\/H 35<\/td><td class=\"column-2\">1979 a 1983<\/td>\n<\/tr>\n<tr class=\"row-9 odd\">\n\t<td class=\"column-1\">D35B (s\u00f3 para atletas FEDO)<\/td><td class=\"column-2\">1979 a 1983<\/td>\n<\/tr>\n<tr class=\"row-10 even\">\n\t<td class=\"column-1\">H35B (s\u00f3 para atletas FEDO)<\/td><td class=\"column-2\">1979 a 1983<\/td>\n<\/tr>\n<tr class=\"row-11 odd\">\n\t<td class=\"column-1\">D\/H 40<\/td><td class=\"column-2\">1974 a 1978<\/td>\n<\/tr>\n<tr class=\"row-12 even\">\n\t<td class=\"column-1\">D\/H 45<\/td><td class=\"column-2\">1969 a 1973<\/td>\n<\/tr>\n<tr class=\"row-13 odd\">\n\t<td class=\"column-1\">D\/H 50<\/td><td class=\"column-2\">1964 a 1968<\/td>\n<\/tr>\n<tr class=\"row-14 even\">\n\t<td class=\"column-1\">D\/H 55<\/td><td class=\"column-2\">1959 a 1963<\/td>\n<\/tr>\n<tr class=\"row-15 odd\">\n\t<td class=\"column-1\">D\/H 60<\/td><td class=\"column-2\">1954 a 1958<\/td>\n<\/tr>\n<tr class=\"row-16 even\">\n\t<td class=\"column-1\">D\/H 65<\/td><td class=\"column-2\">1949 a 1953<\/td>\n<\/tr>\n<tr class=\"row-17 odd\">\n\t<td class=\"column-1\">D\/H 70<\/td><td class=\"column-2\">1944 a 1948<\/td>\n<\/tr>\n<tr class=\"row-18 even\">\n\t<td class=\"column-1\">D75<\/td><td class=\"column-2\">1943 ou antes<\/td>\n<\/tr>\n<tr class=\"row-19 odd\">\n\t<td class=\"column-1\">H75<\/td><td class=\"column-2\">1939 a 1943<\/td>\n<\/tr>\n<tr class=\"row-20 even\">\n\t<td class=\"column-1\">H80<\/td><td class=\"column-2\">1938 ou antes<\/td>\n<\/tr>\n<\/tbody>\n<\/table>\n<!-- #tablepress-27 from cache --><br \/>\n\n<table id=\"tablepress-29\" class=\"tablepress tablepress-id-29 tablepress-responsive\">\n<thead>\n<tr class=\"row-1 odd\">\n\t<th class=\"column-1\">Classes de Forma\u00e7\u00e3o<\/th><th class=\"column-2\">Ano Nascimento<\/th>\n<\/tr>\n<\/thead>\n<tbody class=\"row-hover\">\n<tr class=\"row-2 even\">\n\t<td class=\"column-1\">D\/H 10<\/td><td class=\"column-2\">2008 ou depois<\/td>\n<\/tr>\n<tr class=\"row-3 odd\">\n\t<td class=\"column-1\">D\/H 12<\/td><td class=\"column-2\">2006 e 2007<\/td>\n<\/tr>\n<\/tbody>\n<\/table>\n<!-- #tablepress-29 from cache --><br \/>\n\n<table id=\"tablepress-32\" class=\"tablepress tablepress-id-32 tablepress-responsive\">\n<thead>\n<tr class=\"row-1 odd\">\n\t<th class=\"column-1\">Classes Abertas<\/th><th class=\"column-2\">Qualquer idade\/sexo, individualmente ou em grupo<\/th>\n<\/tr>\n<\/thead>\n<tbody class=\"row-hover\">\n<tr class=\"row-2 even\">\n\t<td class=\"column-1\">F\u00e1cil Curto<\/td><td class=\"column-2\">Percursos com 2 a 4 km, at\u00e9 40 minutos de execu\u00e7\u00e3o, utiliza\u00e7\u00e3o de refer\u00eancias lineares seguras, preferencialmente caminhos, sem dificuldade t\u00e9cnica. N\u00e3o s\u00e3o necess\u00e1rios conhecimentos na modalidade nem resist\u00eancia f\u00edsica. \u00c9 uma grande oportunidade para um passeio na floresta. Desde que solicitado quando da inscri\u00e7\u00e3o, ser\u00e3o disponibilizados monitores para ensinar as t\u00e9cnicas b\u00e1sicas.<\/td>\n<\/tr>\n<tr class=\"row-3 odd\">\n\t<td class=\"column-1\">Dif\u00edcil Curto<\/td><td class=\"column-2\">Percurso com 3 a 5 km, at\u00e9 60 minutos de execu\u00e7\u00e3o, exigindo algumas t\u00e9cnicas de orienta\u00e7\u00e3o, com M\u00c9DIA dificuldade t\u00e9cnica e de baixa exig\u00eancia f\u00edsica.<\/td>\n<\/tr>\n<tr class=\"row-4 even\">\n\t<td class=\"column-1\">F\u00e1cil Longo<\/td><td class=\"column-2\">Percursos com 4 a 6 km, com tempo de execu\u00e7\u00e3o inferior aos 60 minutos, por recurso a elementos lineares, com baixa dificuldade t\u00e9cnica e de baixa n\u00edvel f\u00edsico.<\/td>\n<\/tr>\n<tr class=\"row-5 odd\">\n\t<td class=\"column-1\">Dif\u00edcil Longo<\/td><td class=\"column-2\">Percurso com 4 a 7 km ou tempo de execu\u00e7\u00e3o previsto inferior a 80 minutos, exigindo diversas t\u00e9cnicas de orienta\u00e7\u00e3o, com exig\u00eancia f\u00edsica m\u00e9dia alta e que tem, tamb\u00e9m por objectivo, a participa\u00e7\u00e3o na prova de atletas federados que n\u00e3o se tenham inscrito dentro dos prazos fixados ou a possibilidade da realiza\u00e7\u00e3o de percursos mais exigentes por parte de atletas, pares ou grupos, n\u00e3o federados.<\/td>\n<\/tr>\n<\/tbody>\n<\/table>\n<!-- #tablepress-32 from cache --><\/p>\n","protected":false},"excerpt":{"rendered":"","protected":false},"author":1,"featured_media":0,"parent":0,"menu_order":0,"comment_status":"closed","ping_status":"closed","template":"","meta":[],"_links":{"self":[{"href":"https:\/\/cifo2018.ori-estarreja.pt\/index.php?rest_route=\/wp\/v2\/pages\/2192"}],"collection":[{"href":"https:\/\/cifo2018.ori-estarreja.pt\/index.php?rest_route=\/wp\/v2\/pages"}],"about":[{"href":"https:\/\/cifo2018.ori-estarreja.pt\/index.php?rest_route=\/wp\/v2\/types\/page"}],"author":[{"embeddable":true,"href":"https:\/\/cifo2018.ori-estarreja.pt\/index.php?rest_route=\/wp\/v2\/users\/1"}],"replies":[{"embeddable":true,"href":"https:\/\/cifo2018.ori-estarreja.pt\/index.php?rest_route=%2Fwp%2Fv2%2Fcomments&post=2192"}],"version-history":[{"count":3,"href":"https:\/\/cifo2018.ori-estarreja.pt\/index.php?rest_route=\/wp\/v2\/pages\/2192\/revisions"}],"predecessor-version":[{"id":3554,"href":"https:\/\/cifo2018.ori-estarreja.pt\/index.php?rest_route=\/wp\/v2\/pages\/2192\/revisions\/3554"}],"wp:attachment":[{"href":"https:\/\/cifo2018.ori-estarreja.pt\/index.php?rest_route=%2Fwp%2Fv2%2Fmedia&parent=2192"}],"curies":[{"name":"wp","href":"https:\/\/api.w.org\/{rel}","templated":true}]}}