{"id":2200,"date":"2018-07-31T00:30:50","date_gmt":"2018-07-30T23:30:50","guid":{"rendered":"http:\/\/cifo2016.ori-estarreja.pt\/?page_id=2200"},"modified":"2018-07-31T02:04:34","modified_gmt":"2018-07-31T01:04:34","slug":"inscricoes-prazos-e-taxas","status":"publish","type":"page","link":"https:\/\/cifo2018.ori-estarreja.pt\/?page_id=2200","title":{"rendered":"Inscri\u00e7\u00f5es, Prazos e Taxas"},"content":{"rendered":"<p>As inscri\u00e7\u00f5es de todos os atletas devem ser realizadas via sistema \u00a0<a href=\"http:\/\/www.orioasis.pt\/oasis\/events.php?action=event_view_info&amp;eventid=1825\" target=\"_blank\" rel=\"noopener\">OriOasis FPO<\/a>.<\/p>\n<p>A inscri\u00e7\u00e3o no Model Event deve tamb\u00e9m ser efetuada usando a mesma plataforma, sendo o custo unit\u00e1rio do mesmo de 3\u20ac.<\/p>\n<p><strong>Nota:<\/strong>\u00a0A inscri\u00e7\u00e3o no Model Event\/Evento Modelo (ETAPA 4) \u00e9 feita no mesmo escal\u00e3o em que participa nas restantes etapas, por motivos de ordem t\u00e9cnica. O Model Event ser\u00e1, como habitual, um mapa com diversos pontos para execu\u00e7\u00e3o por ordem livre.<\/p>\n<p>Caso tenha dificuldades ou alguma d\u00favida por favor enviar e-mail para: <a href=\"mailto:inscrever@ori-estarreja.pt\" target=\"_blank\" rel=\"noopener\">inscrever@ori-estarreja.pt<\/a><\/p>\n<h3><strong>Dados necess\u00e1rios para efetivar uma inscri\u00e7\u00e3o por e-mail:<\/strong><\/h3>\n<ul>\n<li>Nome(s) do(s) participante(s);<\/li>\n<li>Data(s) de nascimento;<\/li>\n<li>Nome do Clube;<\/li>\n<li>N\u00ba de filiado na FPO ou FEDO (caso n\u00e3o seja filiado na FPO ou FEDO, o n\u00ba de Bilhete de Identidade ou DNI);<\/li>\n<li>N\u00ba do SI Card, caso tenha um. Na aus\u00eancia deste, ser-lhe-\u00e1 alugado um.\n<ul>\n<li>O aluguer de um SIcard custa <strong>1,00 \u20ac por dia nos escal\u00f5es de Competi\u00e7\u00e3o e Forma\u00e7\u00e3o<\/strong>, sendo gratuito para escal\u00f5es Abertos.<\/li>\n<li>A perda ou n\u00e3o devolu\u00e7\u00e3o do SI Card alugado implica o pagamento de 30\u20ac ou 37,5\u20ac, consoante o modelo do SI.<\/li>\n<\/ul>\n<\/li>\n<li>Escal\u00e3o de participa\u00e7\u00e3o;<\/li>\n<li>Eventos a participar (na eventualidade de n\u00e3o participar em todos os eventos, mencionar qual ou quais)<\/li>\n<\/ul>\n<p>As inscri\u00e7\u00f5es para os escal\u00f5es abertos podem ser efectuadas at\u00e9 ao dia de prova, ficando, no entanto, condicionadas \u00e0 disponibilidade de mapas.<\/p>\n<p><strong>Nota:<\/strong> Os atletas que pretenderem participar em grupo, devem efectuar apenas uma \u00fanica inscri\u00e7\u00e3o mencionando os dados obrigat\u00f3rios de todos os participantes que o constituem.<\/p>\n<h3><strong>Taxas de inscri\u00e7\u00e3o:<\/strong><\/h3>\n<p>As taxas de inscri\u00e7\u00e3o s\u00e3o iguais para as 3 provas, sendo os pre\u00e7os indicados por prova\/pessoa.<\/p>\n<h3><strong>Escal\u00f5es de Competi\u00e7\u00e3o e Forma\u00e7\u00e3o:<\/strong><\/h3>\n\n<table id=\"tablepress-35\" class=\"tablepress tablepress-id-35 tablepress-responsive\">\n<thead>\n<tr class=\"row-1\">\n\t<th class=\"column-1\">Federados FPO &amp; FEDO<\/th><th class=\"column-2\">at\u00e9\/hasta 17 setembro\/septiembre<\/th><th class=\"column-3\">at\u00e9\/hasta 24 setembro\/septiembre<\/th>\n<\/tr>\n<\/thead>\n<tbody>\n<tr class=\"row-2\">\n\t<td class=\"column-1\">at\u00e9\/hasta 20 anos<\/td><td class=\"column-2\">3,00 \u20ac<\/td><td class=\"column-3\">4,50 \u20ac<\/td>\n<\/tr>\n<tr class=\"row-3\">\n\t<td class=\"column-1\">> 20 anos<\/td><td class=\"column-2\">6,00 \u20ac<\/td><td class=\"column-3\">9,00 \u20ac<\/td>\n<\/tr>\n<tr class=\"row-4\">\n\t<td class=\"column-1\">Escal\u00f5es\/Classes Elite<\/td><td class=\"column-2\">7,00 \u20ac<\/td><td class=\"column-3\">10,50 \u20ac<\/td>\n<\/tr>\n<\/tbody>\n<\/table>\n<!-- #tablepress-35 from cache -->\n\n<table id=\"tablepress-36\" class=\"tablepress tablepress-id-36 tablepress-responsive\">\n<thead>\n<tr class=\"row-1\">\n\t<th class=\"column-1\">N\u00e3o Federados                                                                                         <\/th><th class=\"column-2\">at\u00e9\/hasta 17 setembro\/septiembre<\/th><th class=\"column-3\">at\u00e9\/hasta 24 setembro\/septiembre<\/th>\n<\/tr>\n<\/thead>\n<tbody>\n<tr class=\"row-2\">\n\t<td class=\"column-1\">at\u00e9\/hasta 20 anos<\/td><td class=\"column-2\">5,00 \u20ac<\/td><td class=\"column-3\">7,50 \u20ac<\/td>\n<\/tr>\n<tr class=\"row-3\">\n\t<td class=\"column-1\">> 20 anos<\/td><td class=\"column-2\">10,00 \u20ac<\/td><td class=\"column-3\">15,00 \u20ac<\/td>\n<\/tr>\n<tr class=\"row-4\">\n\t<td class=\"column-1\">Escal\u00f5es\/Classes Elite<\/td><td class=\"column-2\">11,00 \u20ac<\/td><td class=\"column-3\">16,50 \u20ac<\/td>\n<\/tr>\n<\/tbody>\n<\/table>\n<!-- #tablepress-36 from cache -->\n<h3><strong>Escal\u00f5es Abertos:<\/strong><\/h3>\n\n<table id=\"tablepress-37\" class=\"tablepress tablepress-id-37 tablepress-responsive\">\n<thead>\n<tr class=\"row-1\">\n\t<th class=\"column-1\">&nbsp;<\/th><th class=\"column-2\">Federados FPO &amp; FEDO<\/th><th class=\"column-3\">N\u00e3o Federados<\/th>\n<\/tr>\n<\/thead>\n<tbody>\n<tr class=\"row-2\">\n\t<td class=\"column-1\">at\u00e9\/hasta 20 anos<\/td><td class=\"column-2\">3\u20ac<\/td><td class=\"column-3\">5\u20ac<\/td>\n<\/tr>\n<tr class=\"row-3\">\n\t<td class=\"column-1\">>20 anos<\/td><td class=\"column-2\">6\u20ac<\/td><td class=\"column-3\">10\u20ac<\/td>\n<\/tr>\n<\/tbody>\n<\/table>\n<!-- #tablepress-37 from cache -->\n","protected":false},"excerpt":{"rendered":"<p>As inscri\u00e7\u00f5es de todos os atletas devem ser realizadas via sistema \u00a0OriOasis FPO. A inscri\u00e7\u00e3o no Model Event deve tamb\u00e9m ser efetuada usando a mesma plataforma, sendo o custo unit\u00e1rio &#8230;<\/p>\n","protected":false},"author":1,"featured_media":0,"parent":0,"menu_order":0,"comment_status":"closed","ping_status":"closed","template":"","meta":[],"_links":{"self":[{"href":"https:\/\/cifo2018.ori-estarreja.pt\/index.php?rest_route=\/wp\/v2\/pages\/2200"}],"collection":[{"href":"https:\/\/cifo2018.ori-estarreja.pt\/index.php?rest_route=\/wp\/v2\/pages"}],"about":[{"href":"https:\/\/cifo2018.ori-estarreja.pt\/index.php?rest_route=\/wp\/v2\/types\/page"}],"author":[{"embeddable":true,"href":"https:\/\/cifo2018.ori-estarreja.pt\/index.php?rest_route=\/wp\/v2\/users\/1"}],"replies":[{"embeddable":true,"href":"https:\/\/cifo2018.ori-estarreja.pt\/index.php?rest_route=%2Fwp%2Fv2%2Fcomments&post=2200"}],"version-history":[{"count":5,"href":"https:\/\/cifo2018.ori-estarreja.pt\/index.php?rest_route=\/wp\/v2\/pages\/2200\/revisions"}],"predecessor-version":[{"id":3385,"href":"https:\/\/cifo2018.ori-estarreja.pt\/index.php?rest_route=\/wp\/v2\/pages\/2200\/revisions\/3385"}],"wp:attachment":[{"href":"https:\/\/cifo2018.ori-estarreja.pt\/index.php?rest_route=%2Fwp%2Fv2%2Fmedia&parent=2200"}],"curies":[{"name":"wp","href":"https:\/\/api.w.org\/{rel}","templated":true}]}}