{"id":2202,"date":"2018-07-31T00:00:57","date_gmt":"2018-07-30T23:00:57","guid":{"rendered":"http:\/\/cifo2016.ori-estarreja.pt\/?page_id=2202"},"modified":"2018-07-31T02:12:11","modified_gmt":"2018-07-31T01:12:11","slug":"inscriptiones-plazos-y-tasas","status":"publish","type":"page","link":"https:\/\/cifo2018.ori-estarreja.pt\/?page_id=2202&lang=es","title":{"rendered":"Inscriptiones, Plazos y Tasas"},"content":{"rendered":"<p>Las inscripciones de todos los corredores\u00a0 deber\u00e1n ser realizadas por el sistema <a href=\"http:\/\/www.orioasis.pt\/oasis\/events.php?action=event_view_info&amp;eventid=1825\" target=\"_blank\" rel=\"noopener\">OriOasis FPO<\/a>.<\/p>\n<p>La inscripci\u00f3n en el model event tambi\u00e9n se realizar\u00e1 por el mismo sistema, con el coste de 3\u20ac.<\/p>\n<p><strong>Nota:<\/strong>\u00a0La inscripciones en el Model Event \/ Evento Modelo (ETAPA 4) se hacen en la misma categoria de competic\u00edon en la que participa en las etapas del Ib\u00e9rico, por razones t\u00e9cnicas. El Model Event ser\u00e1, como es habitual, un mapa con varios puntos de control de ejecuci\u00f3n libre.<\/p>\n<p>En caso de que tenga alguna dificultad o duda, remitir un email a: <a href=\"mailto:inscrever@ori-estarreja.pt\" target=\"_blank\" rel=\"noopener\">inscrever@ori-estarreja.pt<\/a><\/p>\n<h3><strong>Datos necesarios para realizar una inscripci\u00f3n por e-mail:<\/strong><\/h3>\n<ul>\n<li>Nombres de los participantes;<\/li>\n<li>Fechas de nacimiento;<\/li>\n<li>Nombre del Club;<\/li>\n<li>Para los corredores federados por la FEDO\/FPO, n\u00ba de licencia. Para los no federados el n\u00ba del DNI o CC Portugu\u00e9s.<\/li>\n<li>N\u00famero de SportIdent si lo tiene. Sino, le ser\u00e1 alquilado uno.\n<ul>\n<li><strong>El alquiler cuesta 1\u20ac por dia en las categor\u00edas oficiales<\/strong> y es gr\u00e1tis en las categor\u00edas Open (Abertos)<\/li>\n<li>La perdida o no devoluci\u00f3n implica el pago de 30\u20ac o 37,5\u20ac y depende del SI alquilado.<\/li>\n<li>Categor\u00eda de participaci\u00f3n<\/li>\n<li>Pruebas en las que desea participar (en el caso de no participar en todas las pruebas, mencionar cuales)<\/li>\n<\/ul>\n<\/li>\n<\/ul>\n<p>Las inscripciones para las categorias Open (Abertos) se podr\u00e1n realizar hasta el dia de la prueba, aunque en ese caso quedar\u00e1n condicionadas a la existencia de mapas.<\/p>\n<p><strong>Nota:<\/strong> Los corredores que quieran participar en grupo, deben realizar una \u00fanica inscripci\u00f3n mencionado los datos obligatorios de todos los miembros del grupo.<\/p>\n<h3><strong>Tasas de inscripci\u00f3n:<\/strong><\/h3>\n<p>Las tasas de inscripci\u00f3n son iguales para las 3 pruebas, seg\u00fan la tabla adjunta. Los precios se indican por prueba\/persona.<\/p>\n<h3><strong>Categorias de Competicion e Formac\u00edon:<\/strong><\/h3>\n\n<table id=\"tablepress-35\" class=\"tablepress tablepress-id-35 tablepress-responsive\">\n<thead>\n<tr class=\"row-1\">\n\t<th class=\"column-1\">Federados FPO &amp; FEDO<\/th><th class=\"column-2\">at\u00e9\/hasta 17 setembro\/septiembre<\/th><th class=\"column-3\">at\u00e9\/hasta 24 setembro\/septiembre<\/th>\n<\/tr>\n<\/thead>\n<tbody>\n<tr class=\"row-2\">\n\t<td class=\"column-1\">at\u00e9\/hasta 20 anos<\/td><td class=\"column-2\">3,00 \u20ac<\/td><td class=\"column-3\">4,50 \u20ac<\/td>\n<\/tr>\n<tr class=\"row-3\">\n\t<td class=\"column-1\">> 20 anos<\/td><td class=\"column-2\">6,00 \u20ac<\/td><td class=\"column-3\">9,00 \u20ac<\/td>\n<\/tr>\n<tr class=\"row-4\">\n\t<td class=\"column-1\">Escal\u00f5es\/Classes Elite<\/td><td class=\"column-2\">7,00 \u20ac<\/td><td class=\"column-3\">10,50 \u20ac<\/td>\n<\/tr>\n<\/tbody>\n<\/table>\n<!-- #tablepress-35 from cache -->\n\n<table id=\"tablepress-36\" class=\"tablepress tablepress-id-36 tablepress-responsive\">\n<thead>\n<tr class=\"row-1\">\n\t<th class=\"column-1\">N\u00e3o Federados                                                                                         <\/th><th class=\"column-2\">at\u00e9\/hasta 17 setembro\/septiembre<\/th><th class=\"column-3\">at\u00e9\/hasta 24 setembro\/septiembre<\/th>\n<\/tr>\n<\/thead>\n<tbody>\n<tr class=\"row-2\">\n\t<td class=\"column-1\">at\u00e9\/hasta 20 anos<\/td><td class=\"column-2\">5,00 \u20ac<\/td><td class=\"column-3\">7,50 \u20ac<\/td>\n<\/tr>\n<tr class=\"row-3\">\n\t<td class=\"column-1\">> 20 anos<\/td><td class=\"column-2\">10,00 \u20ac<\/td><td class=\"column-3\">15,00 \u20ac<\/td>\n<\/tr>\n<tr class=\"row-4\">\n\t<td class=\"column-1\">Escal\u00f5es\/Classes Elite<\/td><td class=\"column-2\">11,00 \u20ac<\/td><td class=\"column-3\">16,50 \u20ac<\/td>\n<\/tr>\n<\/tbody>\n<\/table>\n<!-- #tablepress-36 from cache -->\n<h3><strong>Categorias Open:<\/strong><\/h3>\n\n<table id=\"tablepress-37\" class=\"tablepress tablepress-id-37 tablepress-responsive\">\n<thead>\n<tr class=\"row-1\">\n\t<th class=\"column-1\">&nbsp;<\/th><th class=\"column-2\">Federados FPO &amp; FEDO<\/th><th class=\"column-3\">N\u00e3o Federados<\/th>\n<\/tr>\n<\/thead>\n<tbody>\n<tr class=\"row-2\">\n\t<td class=\"column-1\">at\u00e9\/hasta 20 anos<\/td><td class=\"column-2\">3\u20ac<\/td><td class=\"column-3\">5\u20ac<\/td>\n<\/tr>\n<tr class=\"row-3\">\n\t<td class=\"column-1\">>20 anos<\/td><td class=\"column-2\">6\u20ac<\/td><td class=\"column-3\">10\u20ac<\/td>\n<\/tr>\n<\/tbody>\n<\/table>\n<!-- #tablepress-37 from cache -->\n","protected":false},"excerpt":{"rendered":"<p>Las inscripciones de todos los corredores\u00a0 deber\u00e1n ser realizadas por el sistema OriOasis FPO. La inscripci\u00f3n en el model event tambi\u00e9n se realizar\u00e1 por el mismo sistema, con el coste &#8230;<\/p>\n","protected":false},"author":1,"featured_media":0,"parent":0,"menu_order":0,"comment_status":"closed","ping_status":"closed","template":"","meta":[],"_links":{"self":[{"href":"https:\/\/cifo2018.ori-estarreja.pt\/index.php?rest_route=\/wp\/v2\/pages\/2202"}],"collection":[{"href":"https:\/\/cifo2018.ori-estarreja.pt\/index.php?rest_route=\/wp\/v2\/pages"}],"about":[{"href":"https:\/\/cifo2018.ori-estarreja.pt\/index.php?rest_route=\/wp\/v2\/types\/page"}],"author":[{"embeddable":true,"href":"https:\/\/cifo2018.ori-estarreja.pt\/index.php?rest_route=\/wp\/v2\/users\/1"}],"replies":[{"embeddable":true,"href":"https:\/\/cifo2018.ori-estarreja.pt\/index.php?rest_route=%2Fwp%2Fv2%2Fcomments&post=2202"}],"version-history":[{"count":3,"href":"https:\/\/cifo2018.ori-estarreja.pt\/index.php?rest_route=\/wp\/v2\/pages\/2202\/revisions"}],"predecessor-version":[{"id":3386,"href":"https:\/\/cifo2018.ori-estarreja.pt\/index.php?rest_route=\/wp\/v2\/pages\/2202\/revisions\/3386"}],"wp:attachment":[{"href":"https:\/\/cifo2018.ori-estarreja.pt\/index.php?rest_route=%2Fwp%2Fv2%2Fmedia&parent=2202"}],"curies":[{"name":"wp","href":"https:\/\/api.w.org\/{rel}","templated":true}]}}