{"id":2206,"date":"2018-07-31T01:05:21","date_gmt":"2018-07-31T00:05:21","guid":{"rendered":"http:\/\/cifo2016.ori-estarreja.pt\/?page_id=2206"},"modified":"2018-07-31T02:23:16","modified_gmt":"2018-07-31T01:23:16","slug":"pagos","status":"publish","type":"page","link":"https:\/\/cifo2018.ori-estarreja.pt\/?page_id=2206&lang=es","title":{"rendered":"Pagos"},"content":{"rendered":"<p><img loading=\"lazy\" class=\"aligncenter size-thumbnail wp-image-2150\" src=\"http:\/\/cifo2018.ori-estarreja.pt\/wp-content\/uploads\/2015\/10\/pago-150x150.png\" alt=\"pago\" width=\"150\" height=\"150\" \/><\/p>\n<h3><strong>COMO PAGAR?<\/strong><\/h3>\n<p>El pago de las inscripciones deber\u00e1 realizarse (preferentemente) por transferencia bancaria o bien directamente en efectivo en el event Center.<\/p>\n<h3><strong>Datos para el pago via transferencia bancaria:<\/strong><\/h3>\n<p><strong>Banco:<\/strong> Caixa Geral de Dep\u00f3sitos<br \/>\n<strong>Agencia:<\/strong> Estarreja<br \/>\n<strong>N\u00famero de Cuenta:<\/strong> 003502910003342833041<br \/>\n<strong>IBAN:<\/strong> PT50003502910003342833041<br \/>\n<strong>SWIFT CODE BIC:\u00a0<\/strong>CGDIPTPL<\/p>\n<p><strong>Nombre del Destinatario:\u00a0<\/strong>ORI-Estarreja \u2013 Clube de Orienta\u00e7\u00e3o de Estarreja<\/p>\n<p><strong>Direcci\u00f3n del Destinatario:<\/strong>\u00a0Apartado 141,\u00a03864-909 Estarreja,\u00a0Portugal<\/p>\n<p><strong>Direcci\u00f3n del Banco Destinatario:\u00a0<\/strong>Avenida Visconde de Salreu,\u00a03860-353 Estarreja,\u00a0Portugal<\/p>\n<p>Para todas las inscripciones pagadas por Transferencia Bancaria es necesario enviar el comprobante de la operaci\u00f3n (por email: <a href=\"mailto:inscrever@ori-estarreja.pt\">inscrever@ori-estarreja.pt<\/a>). Es importante que el comprobante permita identificar el pago que se pretende ralizar. Por ello:<\/p>\n<ul>\n<li>En las inscripciones Express en OASIS, colocar el Express Code en el Concepto de Pago<\/li>\n<li>Para pagos de clubes, indicar siempre el nombre del club en el Concepto de Pago.\n<ul>\n<li>Para pagos totales de clubes, no se necesita nada m\u00e1s.<\/li>\n<li>Para pagos parciales, indicar en los comentarios la lista de corredores , o envie un email a la organizaci\u00f3n con la lista y adjuntando el comprobante.<\/li>\n<\/ul>\n<\/li>\n<\/ul>\n<p>Use la direcci\u00f3n <a href=\"mailto:inscrever@ori-estarreja.pt\">inscrever@ori-estarreja.pt<\/a> para todos los emails relacionados con las inscripciones.<\/p>\n<p><em><strong>Nota:<\/strong> Todas los gastos relacionados con las transferencias deber\u00e1n ser soportadas por el responsable del pago. <\/em><br \/>\n<em>Si alg\u00fan gasto fuese indebidamente cobrado a la organizaci\u00f3n, se debr\u00e1 reembolsar posteriormente por el club o corredores implicados.<\/em><\/p>\n<p>&nbsp;<\/p>\n","protected":false},"excerpt":{"rendered":"<p>COMO PAGAR? El pago de las inscripciones deber\u00e1 realizarse (preferentemente) por transferencia bancaria o bien directamente en efectivo en el event Center. Datos para el pago via transferencia bancaria: Banco: &#8230;<\/p>\n","protected":false},"author":1,"featured_media":0,"parent":0,"menu_order":0,"comment_status":"closed","ping_status":"closed","template":"","meta":[],"_links":{"self":[{"href":"https:\/\/cifo2018.ori-estarreja.pt\/index.php?rest_route=\/wp\/v2\/pages\/2206"}],"collection":[{"href":"https:\/\/cifo2018.ori-estarreja.pt\/index.php?rest_route=\/wp\/v2\/pages"}],"about":[{"href":"https:\/\/cifo2018.ori-estarreja.pt\/index.php?rest_route=\/wp\/v2\/types\/page"}],"author":[{"embeddable":true,"href":"https:\/\/cifo2018.ori-estarreja.pt\/index.php?rest_route=\/wp\/v2\/users\/1"}],"replies":[{"embeddable":true,"href":"https:\/\/cifo2018.ori-estarreja.pt\/index.php?rest_route=%2Fwp%2Fv2%2Fcomments&post=2206"}],"version-history":[{"count":1,"href":"https:\/\/cifo2018.ori-estarreja.pt\/index.php?rest_route=\/wp\/v2\/pages\/2206\/revisions"}],"predecessor-version":[{"id":3200,"href":"https:\/\/cifo2018.ori-estarreja.pt\/index.php?rest_route=\/wp\/v2\/pages\/2206\/revisions\/3200"}],"wp:attachment":[{"href":"https:\/\/cifo2018.ori-estarreja.pt\/index.php?rest_route=%2Fwp%2Fv2%2Fmedia&parent=2206"}],"curies":[{"name":"wp","href":"https:\/\/api.w.org\/{rel}","templated":true}]}}