{"id":2246,"date":"2018-07-27T21:25:19","date_gmt":"2018-07-27T20:25:19","guid":{"rendered":"http:\/\/cifo2016.ori-estarreja.pt\/?page_id=2246"},"modified":"2018-09-27T13:38:50","modified_gmt":"2018-09-27T12:38:50","slug":"info-tecnica-sprint-traduzir","status":"publish","type":"page","link":"https:\/\/cifo2018.ori-estarreja.pt\/?page_id=2246&lang=es","title":{"rendered":"Info T\u00e9cnica Sprint"},"content":{"rendered":"<h2 style=\"text-align: center;\"><strong>Sprint\u00a0&#8211; Ta\u00e7a de Portugal Vitalis<\/strong><\/h2>\n<h3 style=\"text-align: center;\"><img loading=\"lazy\" class=\"aligncenter wp-image-2144\" src=\"http:\/\/cifo2018.ori-estarreja.pt\/wp-content\/uploads\/2015\/10\/Vitalis_Logo_150px.jpg\" alt=\"Vitalis_Logo_150px\" width=\"100\" height=\"100\" \/><\/h3>\n<h3 style=\"text-align: left;\"><strong>Mapa:<\/strong><\/h3>\n<ul>\n<li>(Atualizado) Playa de Mira \u2013 2018<\/li>\n<\/ul>\n<p><img loading=\"lazy\" class=\"size-full wp-image-3293 aligncenter\" src=\"http:\/\/cifo2018.ori-estarreja.pt\/wp-content\/uploads\/2018\/07\/cifo2018_sprint_velho.jpg\" alt=\"\" width=\"300\" height=\"300\" srcset=\"https:\/\/cifo2018.ori-estarreja.pt\/wp-content\/uploads\/2018\/07\/cifo2018_sprint_velho.jpg 300w, https:\/\/cifo2018.ori-estarreja.pt\/wp-content\/uploads\/2018\/07\/cifo2018_sprint_velho-150x150.jpg 150w\" sizes=\"(max-width: 300px) 100vw, 300px\" \/><\/p>\n<p style=\"text-align: center;\">Mapa Antiguo (2014)<\/p>\n<p>&nbsp;<\/p>\n<div class=\"cl-popup align_center\"><a href=\"javascript:void(0)\" class=\"cl-popup-trigger type_btn cl-btn\" style=\"color:#000000;background-color:#b5b5b5;\"><span>Playa de Mira - Mapa POM 2015 - Sprint Men Elite<\/span><\/a><div class=\"cl-popup-overlay\" style=\"background-color:rgba(0,0,0,0.75);\"><\/div><div class=\"cl-popup-wrap\"><div class=\"cl-popup-box size_f animation_flipHor paddings_none\"><div class=\"cl-popup-box-h\"><div class=\"cl-popup-box-title\" style=\"color:#666666;background-color:#f2f2f2;\">Playa de Mira - Mapa POM 2015 - Sprint Men Elite<\/div><div class=\"cl-popup-box-content\" style=\"color:#333333;background-color:#ffffff;\"><img loading=\"lazy\" class=\"aligncenter wp-image-3297 size-full\" src=\"http:\/\/cifo2018.ori-estarreja.pt\/wp-content\/uploads\/2018\/07\/POM2015_Mira.jpg\" alt=\"\" width=\"1294\" height=\"897\" srcset=\"https:\/\/cifo2018.ori-estarreja.pt\/wp-content\/uploads\/2018\/07\/POM2015_Mira.jpg 1294w, https:\/\/cifo2018.ori-estarreja.pt\/wp-content\/uploads\/2018\/07\/POM2015_Mira-300x208.jpg 300w, https:\/\/cifo2018.ori-estarreja.pt\/wp-content\/uploads\/2018\/07\/POM2015_Mira-768x532.jpg 768w, https:\/\/cifo2018.ori-estarreja.pt\/wp-content\/uploads\/2018\/07\/POM2015_Mira-1024x710.jpg 1024w\" sizes=\"(max-width: 1294px) 100vw, 1294px\" \/><\/div><div class=\"cl-popup-box-closer\" style=\"color:#666666;\"><\/div><\/div><\/div><div class=\"cl-popup-closer\"><\/div><\/div><\/div>\n<h3><strong>Terreno:<\/strong><\/h3>\n<ul>\n<li>\u00c1rea urbana cerca del arenal y de la laguna, constituida por dos zonas distintas, una con calles muy estrechas y otra con calles muy geom\u00e9tricas.<\/li>\n<\/ul>\n<h3><strong>Cart\u00f3grafos:<\/strong><\/h3>\n<ul>\n<li>Rafael Miguel<\/li>\n<\/ul>\n<h3><strong>Escalas:<\/strong><\/h3>\n<ul>\n<li>1:4.000<\/li>\n<\/ul>\n<h3><strong>Equidistancia:<\/strong><\/h3>\n<ul>\n<li>2,5 metros<\/li>\n<\/ul>\n<h3><strong>Trazador<\/strong>:<\/h3>\n<ul>\n<li>Rafael Miguel<\/li>\n<\/ul>\n<p><strong>Parking:<\/strong><\/p>\n<ul>\n<li>Los corredores y espectadores deber\u00e1n aparcar sus veh\u00edculos junto a la zona de cuarentena<\/li>\n<\/ul>\n<h3><strong>Cuarentena:<\/strong><\/h3>\n<ul>\n<li>Habr\u00e1\u00a0una cuarentena antes de la prueba de Sprint.<\/li>\n<li>La\u00a0cuarentena abre a las 16:00\u00a0y cierra a las 16:30.<\/li>\n<li>Aparatos electr\u00f3nicos como m\u00f3viles, tabletas, ordenadores; MP3\/4 con pantalla, o similares, no est\u00e1n permitidos\u00a0en la\u00a0Cuarentena.\u00a0Su\u00a0utilizaci\u00f3n ser\u00e1 penalizada con la descalificaci\u00f3n;<\/li>\n<li>Habr\u00e1 servicio de recogida de mochilas en la cuarentena.<\/li>\n<li>Los atletas deben dejar sus mochilas\u00a0en el\u00a0local indicado,\u00a0siendo la organizaci\u00f3n responsable\u00a0de su transporte para\u00a0el centro de competici\u00f3n.<\/li>\n<\/ul>\n<h3><strong>Pr\u00e9-salidas:<\/strong><\/h3>\n<ul>\n<li>Habr\u00e1 una pre-salida en la cuarentena (minuto -7) . Desde la pre-salida hasta la salida (minuto -3) se deber\u00e1n seguir las se\u00f1alizaciones de la organizaci\u00f3n.<\/li>\n<\/ul>\n<h3><strong>Plan de la Arena:<\/strong><\/h3>\n<p><img loading=\"lazy\" class=\"aligncenter wp-image-3677\" src=\"http:\/\/cifo2018.ori-estarreja.pt\/wp-content\/uploads\/2018\/09\/arena_sprint.jpg\" alt=\"\" width=\"512\" height=\"400\" srcset=\"https:\/\/cifo2018.ori-estarreja.pt\/wp-content\/uploads\/2018\/09\/arena_sprint.jpg 614w, https:\/\/cifo2018.ori-estarreja.pt\/wp-content\/uploads\/2018\/09\/arena_sprint-300x235.jpg 300w\" sizes=\"(max-width: 512px) 100vw, 512px\" \/><\/p>\n<h3><strong>Recorridos e Distancias Finales:<\/strong><\/h3>\n<p>&nbsp;<\/p>\n<div id=\"tablepress-44-scroll-wrapper\" class=\"tablepress-scroll-wrapper\">\n\n<table id=\"tablepress-44\" class=\"tablepress tablepress-id-44 tablepress-responsive\">\n<thead>\n<tr class=\"row-1\">\n\t<th class=\"column-1\">Escal\u00e3o\/Classe<\/th><th class=\"column-2\">Dist\u00e2ncia\/Distancia (km)<\/th><th class=\"column-3\">Declive\/Desnivel (m)<\/th><th class=\"column-4\">Pontos\/Controles<\/th><th class=\"column-5\">Tempo \/ Tiempo Vencedor (min)<\/th><th class=\"column-6\">Escala<\/th>\n<\/tr>\n<\/thead>\n<tbody>\n<tr class=\"row-2\">\n\t<td class=\"column-1\">D\/H 10<\/td><td class=\"column-2\">1,8<\/td><td class=\"column-3\">20<\/td><td class=\"column-4\">17<\/td><td class=\"column-5\">14-15<\/td><td class=\"column-6\">1:4000<\/td>\n<\/tr>\n<tr class=\"row-3\">\n\t<td class=\"column-1\">D\/H 12<\/td><td class=\"column-2\">1,8<\/td><td class=\"column-3\">20<\/td><td class=\"column-4\">17<\/td><td class=\"column-5\">12-13<\/td><td class=\"column-6\">1:4000<\/td>\n<\/tr>\n<tr class=\"row-4\">\n\t<td class=\"column-1\">D14<\/td><td class=\"column-2\">2,2<\/td><td class=\"column-3\">30<\/td><td class=\"column-4\">16<\/td><td class=\"column-5\">14-15<\/td><td class=\"column-6\">1:4000<\/td>\n<\/tr>\n<tr class=\"row-5\">\n\t<td class=\"column-1\">H14<\/td><td class=\"column-2\">2,2<\/td><td class=\"column-3\">30<\/td><td class=\"column-4\">16<\/td><td class=\"column-5\">13-14<\/td><td class=\"column-6\">1:4000<\/td>\n<\/tr>\n<tr class=\"row-6\">\n\t<td class=\"column-1\">D16<\/td><td class=\"column-2\">2,2<\/td><td class=\"column-3\">30<\/td><td class=\"column-4\">15<\/td><td class=\"column-5\">13-15<\/td><td class=\"column-6\">1:4000<\/td>\n<\/tr>\n<tr class=\"row-7\">\n\t<td class=\"column-1\">H16<\/td><td class=\"column-2\">2,9<\/td><td class=\"column-3\">40<\/td><td class=\"column-4\">18<\/td><td class=\"column-5\">14-15<\/td><td class=\"column-6\">1:4000<\/td>\n<\/tr>\n<tr class=\"row-8\">\n\t<td class=\"column-1\">D18<\/td><td class=\"column-2\">2,6<\/td><td class=\"column-3\">35<\/td><td class=\"column-4\">16<\/td><td class=\"column-5\">14-15<\/td><td class=\"column-6\">1:4000<\/td>\n<\/tr>\n<tr class=\"row-9\">\n\t<td class=\"column-1\">H18<\/td><td class=\"column-2\">3,3<\/td><td class=\"column-3\">40<\/td><td class=\"column-4\">23<\/td><td class=\"column-5\">14-15<\/td><td class=\"column-6\">1:4000<\/td>\n<\/tr>\n<tr class=\"row-10\">\n\t<td class=\"column-1\">D20<\/td><td class=\"column-2\">2,6<\/td><td class=\"column-3\">35<\/td><td class=\"column-4\">16<\/td><td class=\"column-5\">14-15<\/td><td class=\"column-6\">1:4000<\/td>\n<\/tr>\n<tr class=\"row-11\">\n\t<td class=\"column-1\">H20<\/td><td class=\"column-2\">3,8<\/td><td class=\"column-3\">45<\/td><td class=\"column-4\">24<\/td><td class=\"column-5\">15-16<\/td><td class=\"column-6\">1:4000<\/td>\n<\/tr>\n<tr class=\"row-12\">\n\t<td class=\"column-1\">D21 Elite<\/td><td class=\"column-2\">3,3<\/td><td class=\"column-3\">40<\/td><td class=\"column-4\">23<\/td><td class=\"column-5\">15-16<\/td><td class=\"column-6\">1:4000<\/td>\n<\/tr>\n<tr class=\"row-13\">\n\t<td class=\"column-1\">H21 Elite<\/td><td class=\"column-2\">3,8<\/td><td class=\"column-3\">45<\/td><td class=\"column-4\">24<\/td><td class=\"column-5\">14-15<\/td><td class=\"column-6\">1:4000<\/td>\n<\/tr>\n<tr class=\"row-14\">\n\t<td class=\"column-1\">D21A<\/td><td class=\"column-2\">2,6<\/td><td class=\"column-3\">35<\/td><td class=\"column-4\">16<\/td><td class=\"column-5\">14-15<\/td><td class=\"column-6\">1:4000<\/td>\n<\/tr>\n<tr class=\"row-15\">\n\t<td class=\"column-1\">H21A<\/td><td class=\"column-2\">2,9<\/td><td class=\"column-3\">40<\/td><td class=\"column-4\">18<\/td><td class=\"column-5\">13-14<\/td><td class=\"column-6\">1:4000<\/td>\n<\/tr>\n<tr class=\"row-16\">\n\t<td class=\"column-1\">D21B<\/td><td class=\"column-2\">2,2<\/td><td class=\"column-3\">30<\/td><td class=\"column-4\">15<\/td><td class=\"column-5\">14-15<\/td><td class=\"column-6\">1:4000<\/td>\n<\/tr>\n<tr class=\"row-17\">\n\t<td class=\"column-1\">H21B<\/td><td class=\"column-2\">2,2<\/td><td class=\"column-3\">30<\/td><td class=\"column-4\">15<\/td><td class=\"column-5\">13-14<\/td><td class=\"column-6\">1:4000<\/td>\n<\/tr>\n<tr class=\"row-18\">\n\t<td class=\"column-1\">D35<\/td><td class=\"column-2\">2,2<\/td><td class=\"column-3\">35<\/td><td class=\"column-4\">16<\/td><td class=\"column-5\">14-15<\/td><td class=\"column-6\">1:4000<\/td>\n<\/tr>\n<tr class=\"row-19\">\n\t<td class=\"column-1\">H35<\/td><td class=\"column-2\">3,3<\/td><td class=\"column-3\">40<\/td><td class=\"column-4\">23<\/td><td class=\"column-5\">15-16<\/td><td class=\"column-6\">1:4000<\/td>\n<\/tr>\n<tr class=\"row-20\">\n\t<td class=\"column-1\">D35B<\/td><td class=\"column-2\">2,2<\/td><td class=\"column-3\">30<\/td><td class=\"column-4\">15<\/td><td class=\"column-5\">14-15<\/td><td class=\"column-6\">1:4000<\/td>\n<\/tr>\n<tr class=\"row-21\">\n\t<td class=\"column-1\">H35B<\/td><td class=\"column-2\">2,2<\/td><td class=\"column-3\">30<\/td><td class=\"column-4\">15<\/td><td class=\"column-5\">13-14<\/td><td class=\"column-6\">1:4000<\/td>\n<\/tr>\n<tr class=\"row-22\">\n\t<td class=\"column-1\">D40<\/td><td class=\"column-2\">2,6<\/td><td class=\"column-3\">35<\/td><td class=\"column-4\">16<\/td><td class=\"column-5\">15-16<\/td><td class=\"column-6\">1:4000<\/td>\n<\/tr>\n<tr class=\"row-23\">\n\t<td class=\"column-1\">H40<\/td><td class=\"column-2\">3,3<\/td><td class=\"column-3\">40<\/td><td class=\"column-4\">23<\/td><td class=\"column-5\">15-16<\/td><td class=\"column-6\">1:4000<\/td>\n<\/tr>\n<tr class=\"row-24\">\n\t<td class=\"column-1\">D45<\/td><td class=\"column-2\">2,6<\/td><td class=\"column-3\">35<\/td><td class=\"column-4\">16<\/td><td class=\"column-5\">15-16<\/td><td class=\"column-6\">1:4000<\/td>\n<\/tr>\n<tr class=\"row-25\">\n\t<td class=\"column-1\">H45<\/td><td class=\"column-2\">2,8<\/td><td class=\"column-3\">40<\/td><td class=\"column-4\">18<\/td><td class=\"column-5\">14-15<\/td><td class=\"column-6\">1:4000<\/td>\n<\/tr>\n<tr class=\"row-26\">\n\t<td class=\"column-1\">D50<\/td><td class=\"column-2\">2,2<\/td><td class=\"column-3\">30<\/td><td class=\"column-4\">15<\/td><td class=\"column-5\">13-15<\/td><td class=\"column-6\">1:4000<\/td>\n<\/tr>\n<tr class=\"row-27\">\n\t<td class=\"column-1\">H50<\/td><td class=\"column-2\">2,6<\/td><td class=\"column-3\">40<\/td><td class=\"column-4\">18<\/td><td class=\"column-5\">13-14<\/td><td class=\"column-6\">1:4000<\/td>\n<\/tr>\n<tr class=\"row-28\">\n\t<td class=\"column-1\">D55<\/td><td class=\"column-2\">2,2<\/td><td class=\"column-3\">30<\/td><td class=\"column-4\">15<\/td><td class=\"column-5\">13-15<\/td><td class=\"column-6\">1:4000<\/td>\n<\/tr>\n<tr class=\"row-29\">\n\t<td class=\"column-1\">H55<\/td><td class=\"column-2\">2,6<\/td><td class=\"column-3\">40<\/td><td class=\"column-4\">18<\/td><td class=\"column-5\">14-15<\/td><td class=\"column-6\">1:4000<\/td>\n<\/tr>\n<tr class=\"row-30\">\n\t<td class=\"column-1\">D60<\/td><td class=\"column-2\">2,1<\/td><td class=\"column-3\">20<\/td><td class=\"column-4\">15<\/td><td class=\"column-5\">13-14<\/td><td class=\"column-6\">1:4000<\/td>\n<\/tr>\n<tr class=\"row-31\">\n\t<td class=\"column-1\">H60<\/td><td class=\"column-2\">2,6<\/td><td class=\"column-3\">40<\/td><td class=\"column-4\">18<\/td><td class=\"column-5\">15-16<\/td><td class=\"column-6\">1:4000<\/td>\n<\/tr>\n<tr class=\"row-32\">\n\t<td class=\"column-1\">D65<\/td><td class=\"column-2\">2,1<\/td><td class=\"column-3\">20<\/td><td class=\"column-4\">15<\/td><td class=\"column-5\">14-15<\/td><td class=\"column-6\">1:4000<\/td>\n<\/tr>\n<tr class=\"row-33\">\n\t<td class=\"column-1\">H65<\/td><td class=\"column-2\">2,1<\/td><td class=\"column-3\">20<\/td><td class=\"column-4\">15<\/td><td class=\"column-5\">12-13<\/td><td class=\"column-6\">1:4000<\/td>\n<\/tr>\n<tr class=\"row-34\">\n\t<td class=\"column-1\">D70<\/td><td class=\"column-2\">2,1<\/td><td class=\"column-3\">20<\/td><td class=\"column-4\">15<\/td><td class=\"column-5\">15-16<\/td><td class=\"column-6\">1:4000<\/td>\n<\/tr>\n<tr class=\"row-35\">\n\t<td class=\"column-1\">H70<\/td><td class=\"column-2\">2,1<\/td><td class=\"column-3\">20<\/td><td class=\"column-4\">15<\/td><td class=\"column-5\">14-15<\/td><td class=\"column-6\">1:4000<\/td>\n<\/tr>\n<tr class=\"row-36\">\n\t<td class=\"column-1\">D75<\/td><td class=\"column-2\">2,1<\/td><td class=\"column-3\">20<\/td><td class=\"column-4\">15<\/td><td class=\"column-5\">15-16<\/td><td class=\"column-6\">1:4000<\/td>\n<\/tr>\n<tr class=\"row-37\">\n\t<td class=\"column-1\">H75<\/td><td class=\"column-2\">2,1<\/td><td class=\"column-3\">20<\/td><td class=\"column-4\">15<\/td><td class=\"column-5\">15-16<\/td><td class=\"column-6\">1:4000<\/td>\n<\/tr>\n<tr class=\"row-38\">\n\t<td class=\"column-1\">H80<\/td><td class=\"column-2\">2,1<\/td><td class=\"column-3\">20<\/td><td class=\"column-4\">15<\/td><td class=\"column-5\">16-17<\/td><td class=\"column-6\">1:4000<\/td>\n<\/tr>\n<tr class=\"row-39\">\n\t<td class=\"column-1\">F\u00e1cil Curto<\/td><td class=\"column-2\">1,8<\/td><td class=\"column-3\">20<\/td><td class=\"column-4\">17<\/td><td class=\"column-5\">12-15<\/td><td class=\"column-6\">1:4000<\/td>\n<\/tr>\n<tr class=\"row-40\">\n\t<td class=\"column-1\">F\u00e1cil Longo<\/td><td class=\"column-2\">3<\/td><td class=\"column-3\">25<\/td><td class=\"column-4\">20<\/td><td class=\"column-5\">15-20<\/td><td class=\"column-6\">1:4000<\/td>\n<\/tr>\n<tr class=\"row-41\">\n\t<td class=\"column-1\">Dif\u00edcil Curto<\/td><td class=\"column-2\">1,8<\/td><td class=\"column-3\">20<\/td><td class=\"column-4\">17<\/td><td class=\"column-5\">12-15<\/td><td class=\"column-6\">1:4000<\/td>\n<\/tr>\n<tr class=\"row-42\">\n\t<td class=\"column-1\">Dif\u00edcil Longo<\/td><td class=\"column-2\">3<\/td><td class=\"column-3\">25<\/td><td class=\"column-4\">20<\/td><td class=\"column-5\">15-20<\/td><td class=\"column-6\">1:4000<\/td>\n<\/tr>\n<\/tbody>\n<\/table>\n\n<\/div><!-- #tablepress-44 from cache -->\n","protected":false},"excerpt":{"rendered":"<p>Sprint\u00a0&#8211; Ta\u00e7a de Portugal Vitalis Mapa: (Atualizado) Playa de Mira \u2013 2018 Mapa Antiguo (2014) &nbsp; Terreno: \u00c1rea urbana cerca del arenal y de la laguna, constituida por dos zonas &#8230;<\/p>\n","protected":false},"author":1,"featured_media":0,"parent":0,"menu_order":0,"comment_status":"closed","ping_status":"closed","template":"","meta":[],"_links":{"self":[{"href":"https:\/\/cifo2018.ori-estarreja.pt\/index.php?rest_route=\/wp\/v2\/pages\/2246"}],"collection":[{"href":"https:\/\/cifo2018.ori-estarreja.pt\/index.php?rest_route=\/wp\/v2\/pages"}],"about":[{"href":"https:\/\/cifo2018.ori-estarreja.pt\/index.php?rest_route=\/wp\/v2\/types\/page"}],"author":[{"embeddable":true,"href":"https:\/\/cifo2018.ori-estarreja.pt\/index.php?rest_route=\/wp\/v2\/users\/1"}],"replies":[{"embeddable":true,"href":"https:\/\/cifo2018.ori-estarreja.pt\/index.php?rest_route=%2Fwp%2Fv2%2Fcomments&post=2246"}],"version-history":[{"count":14,"href":"https:\/\/cifo2018.ori-estarreja.pt\/index.php?rest_route=\/wp\/v2\/pages\/2246\/revisions"}],"predecessor-version":[{"id":3790,"href":"https:\/\/cifo2018.ori-estarreja.pt\/index.php?rest_route=\/wp\/v2\/pages\/2246\/revisions\/3790"}],"wp:attachment":[{"href":"https:\/\/cifo2018.ori-estarreja.pt\/index.php?rest_route=%2Fwp%2Fv2%2Fmedia&parent=2246"}],"curies":[{"name":"wp","href":"https:\/\/api.w.org\/{rel}","templated":true}]}}