{"id":2504,"date":"2018-07-28T14:33:19","date_gmt":"2018-07-28T13:33:19","guid":{"rendered":"http:\/\/cifo2016.ori-estarreja.pt\/?page_id=2504"},"modified":"2018-09-26T13:41:41","modified_gmt":"2018-09-26T12:41:41","slug":"info-tecnica-model-event","status":"publish","type":"page","link":"https:\/\/cifo2018.ori-estarreja.pt\/?page_id=2504","title":{"rendered":"Info T\u00e9cnica Model Event"},"content":{"rendered":"<h3 style=\"text-align: center;\"><strong>Model Event<\/strong><\/h3>\n<p><img loading=\"lazy\" class=\"wp-image-2137 size-full aligncenter\" src=\"http:\/\/cifo2018.ori-estarreja.pt\/wp-content\/uploads\/2015\/10\/logo-ori_150px.jpg\" alt=\"\" width=\"150\" height=\"150\" \/><\/p>\n<h3 style=\"text-align: left;\"><strong>Mapa:<\/strong><\/h3>\n<ul>\n<li>[Atualizado] Mira Norte\u00a0 &#8211; Agosto 2018<\/li>\n<\/ul>\n<p><img loading=\"lazy\" class=\"size-full wp-image-3292 aligncenter\" src=\"http:\/\/cifo2018.ori-estarreja.pt\/wp-content\/uploads\/2018\/07\/cifo2018_model_velho.jpg\" alt=\"\" width=\"300\" height=\"300\" srcset=\"https:\/\/cifo2018.ori-estarreja.pt\/wp-content\/uploads\/2018\/07\/cifo2018_model_velho.jpg 300w, https:\/\/cifo2018.ori-estarreja.pt\/wp-content\/uploads\/2018\/07\/cifo2018_model_velho-150x150.jpg 150w\" sizes=\"(max-width: 300px) 100vw, 300px\" \/><\/p>\n<p style=\"text-align: center;\">Mapa Antigo (2013)<\/p>\n<p>&nbsp;<\/p>\n<div class=\"cl-popup align_center\"><a href=\"javascript:void(0)\" class=\"cl-popup-trigger type_btn cl-btn\" style=\"color:#000000;background-color:#b5b5b5;\"><span>Mira Norte<\/span><\/a><div class=\"cl-popup-overlay\" style=\"background-color:rgba(0,0,0,0.75);\"><\/div><div class=\"cl-popup-wrap\"><div class=\"cl-popup-box size_f animation_flipHor paddings_none\"><div class=\"cl-popup-box-h\"><div class=\"cl-popup-box-title\" style=\"color:#666666;background-color:#f2f2f2;\">Mira Norte<\/div><div class=\"cl-popup-box-content\" style=\"color:#333333;background-color:#ffffff;\"><img loading=\"lazy\" class=\"aligncenter wp-image-3347 size-full\" src=\"http:\/\/cifo2018.ori-estarreja.pt\/wp-content\/uploads\/2018\/07\/cifo2018_miranortemodel.jpg\" alt=\"\" width=\"1014\" height=\"1836\" srcset=\"https:\/\/cifo2018.ori-estarreja.pt\/wp-content\/uploads\/2018\/07\/cifo2018_miranortemodel.jpg 1014w, https:\/\/cifo2018.ori-estarreja.pt\/wp-content\/uploads\/2018\/07\/cifo2018_miranortemodel-166x300.jpg 166w, https:\/\/cifo2018.ori-estarreja.pt\/wp-content\/uploads\/2018\/07\/cifo2018_miranortemodel-768x1391.jpg 768w, https:\/\/cifo2018.ori-estarreja.pt\/wp-content\/uploads\/2018\/07\/cifo2018_miranortemodel-566x1024.jpg 566w\" sizes=\"(max-width: 1014px) 100vw, 1014px\" \/><\/div><div class=\"cl-popup-box-closer\" style=\"color:#666666;\"><\/div><\/div><\/div><div class=\"cl-popup-closer\"><\/div><\/div><\/div>\n<h3><strong>Terreno:<\/strong><\/h3>\n<ul>\n<li>Terreno t\u00edpico de dunas portuguesas, com floresta coberta de pinheiros. Nas zonas baixas \u00e9 comum encontrar \u00e1reas abertas rodeadas de vegeta\u00e7\u00e3o\u00a0(mimosas &#8211; Acacia dealbata). Existem ainda\u00a0algumas zonas de vegeta\u00e7\u00e3o rasteira. A progress\u00e3o e a visibilidade s\u00e3o geralmente boas.<\/li>\n<\/ul>\n<p style=\"text-align: left;\"><strong>Cart\u00f3grafo:<\/strong><\/p>\n<ul>\n<li>Rui Antunes<\/li>\n<\/ul>\n<h3><strong>Escalas:<\/strong><\/h3>\n<ul>\n<li>1:10.000<\/li>\n<li>1:15.000<\/li>\n<\/ul>\n<h3><strong>Equidist\u00e2ncia:<\/strong><\/h3>\n<ul>\n<li>2,5 metros<\/li>\n<\/ul>\n<h3><strong>Tra\u00e7adores de percursos:<\/strong><\/h3>\n<ul>\n<li>Rafael Miguel<\/li>\n<\/ul>\n<p><strong>Estacionamento:<\/strong><\/p>\n<ul>\n<li>O estacionamento ser\u00e1 efectuado ao longo do estrad\u00e3o que faz o limite Este do mapa. Os condutores devem seguir as instru\u00e7\u00f5es da Organiza\u00e7\u00e3o no local.<\/li>\n<\/ul>\n<p><strong>Dist\u00e2ncia e Percursos:<\/strong><\/p>\n<ul>\n<li>11 Pontos de Controle de execu\u00e7\u00e3o livre<\/li>\n<\/ul>\n<h3><\/h3>\n<p>&nbsp;<\/p>\n","protected":false},"excerpt":{"rendered":"<p>Model Event Mapa: [Atualizado] Mira Norte\u00a0 &#8211; Agosto 2018 Mapa Antigo (2013) &nbsp; Terreno: Terreno t\u00edpico de dunas portuguesas, com floresta coberta de pinheiros. Nas zonas baixas \u00e9 comum encontrar &#8230;<\/p>\n","protected":false},"author":1,"featured_media":0,"parent":0,"menu_order":0,"comment_status":"closed","ping_status":"closed","template":"","meta":[],"_links":{"self":[{"href":"https:\/\/cifo2018.ori-estarreja.pt\/index.php?rest_route=\/wp\/v2\/pages\/2504"}],"collection":[{"href":"https:\/\/cifo2018.ori-estarreja.pt\/index.php?rest_route=\/wp\/v2\/pages"}],"about":[{"href":"https:\/\/cifo2018.ori-estarreja.pt\/index.php?rest_route=\/wp\/v2\/types\/page"}],"author":[{"embeddable":true,"href":"https:\/\/cifo2018.ori-estarreja.pt\/index.php?rest_route=\/wp\/v2\/users\/1"}],"replies":[{"embeddable":true,"href":"https:\/\/cifo2018.ori-estarreja.pt\/index.php?rest_route=%2Fwp%2Fv2%2Fcomments&post=2504"}],"version-history":[{"count":6,"href":"https:\/\/cifo2018.ori-estarreja.pt\/index.php?rest_route=\/wp\/v2\/pages\/2504\/revisions"}],"predecessor-version":[{"id":3694,"href":"https:\/\/cifo2018.ori-estarreja.pt\/index.php?rest_route=\/wp\/v2\/pages\/2504\/revisions\/3694"}],"wp:attachment":[{"href":"https:\/\/cifo2018.ori-estarreja.pt\/index.php?rest_route=%2Fwp%2Fv2%2Fmedia&parent=2504"}],"curies":[{"name":"wp","href":"https:\/\/api.w.org\/{rel}","templated":true}]}}