{"id":2611,"date":"2018-07-31T00:54:50","date_gmt":"2018-07-30T23:54:50","guid":{"rendered":"http:\/\/cifo2016.ori-estarreja.pt\/?page_id=2611"},"modified":"2018-07-31T02:53:19","modified_gmt":"2018-07-31T01:53:19","slug":"contactos-2","status":"publish","type":"page","link":"https:\/\/cifo2018.ori-estarreja.pt\/?page_id=2611&lang=es","title":{"rendered":"Contactos"},"content":{"rendered":"<p><img loading=\"lazy\" class=\"aligncenter wp-image-3168\" src=\"http:\/\/cifo2018.ori-estarreja.pt\/wp-content\/uploads\/2018\/07\/logoCIFO-300x300.jpg\" alt=\"\" width=\"100\" height=\"100\" srcset=\"https:\/\/cifo2018.ori-estarreja.pt\/wp-content\/uploads\/2018\/07\/logoCIFO-300x300.jpg 300w, https:\/\/cifo2018.ori-estarreja.pt\/wp-content\/uploads\/2018\/07\/logoCIFO-150x150.jpg 150w, https:\/\/cifo2018.ori-estarreja.pt\/wp-content\/uploads\/2018\/07\/logoCIFO-768x768.jpg 768w, https:\/\/cifo2018.ori-estarreja.pt\/wp-content\/uploads\/2018\/07\/logoCIFO.jpg 960w\" sizes=\"(max-width: 100px) 100vw, 100px\" \/><\/p>\n<p><strong>Evento en facebook:<\/strong>\u00a0<a href=\"https:\/\/www.facebook.com\/oriestarrejaevents\/\">https:\/\/www.facebook.com\/oriestarrejaevents\/<\/a><\/p>\n<p><img loading=\"lazy\" class=\"aligncenter size-full wp-image-2137\" src=\"http:\/\/cifo2018.ori-estarreja.pt\/wp-content\/uploads\/2015\/10\/logo-ori_150px.jpg\" alt=\"logo-ori_150px\" width=\"150\" height=\"150\" \/><\/p>\n<p><strong>Ori \u2013 Estarreja:<em>\u00a0<\/em><\/strong><\/p>\n<ul>\n<li><strong><em>E-mail informaciones:\u00a0<\/em><\/strong><a href=\"mailto:info@ori-estarreja.pt\">info@ori-estarreja.pt<\/a><\/li>\n<li><strong><em>E-mail inscriptiones:\u00a0<\/em><\/strong><a href=\"mailto:inscrever@ori-estarreja.pt\">inscrever@ori-estarreja.pt<\/a><\/li>\n<li><strong><em>Sitio Web:\u00a0<\/em><\/strong><a href=\"http:\/\/cifo2018.ori-estarreja.pt\">http:\/\/cifo2018.ori-estarreja.pt<\/a><\/li>\n<li><strong><em>Facebook:\u00a0<\/em><\/strong><a href=\"http:\/\/www.facebook.com\/oriestarreja\">http:\/\/www.facebook.com\/oriestarreja<\/a><\/li>\n<\/ul>\n<p>&nbsp;<\/p>\n<p><img loading=\"lazy\" class=\"aligncenter size-thumbnail wp-image-2131\" src=\"http:\/\/cifo2018.ori-estarreja.pt\/wp-content\/uploads\/2015\/10\/FPO_web_200px-150x150.png\" alt=\"FPO_web_200px\" width=\"150\" height=\"150\" srcset=\"https:\/\/cifo2018.ori-estarreja.pt\/wp-content\/uploads\/2015\/10\/FPO_web_200px-150x150.png 150w, https:\/\/cifo2018.ori-estarreja.pt\/wp-content\/uploads\/2015\/10\/FPO_web_200px.png 200w\" sizes=\"(max-width: 150px) 100vw, 150px\" \/><\/p>\n<p><strong>Federa\u00e7\u00e3o Portuguesa de Orienta\u00e7\u00e3o:<em>\u00a0<\/em><\/strong><\/p>\n<ul>\n<li><strong><em>E-mail:\u00a0<\/em><\/strong><a href=\"mailto:geral@fpo.pt\">geral@fpo.pt<\/a><\/li>\n<li><strong><em>Tel:\u00a0<\/em><\/strong>(+351) 244 575 074<\/li>\n<li><strong><em>Sitio\u00a0Web:<\/em><\/strong><a href=\"http:\/\/www.fpo.pt\/\">\u00a0http:\/\/www.fpo.pt<\/a><\/li>\n<li><strong><em>Facebook:\u00a0<\/em><\/strong><a href=\"http:\/\/www.facebook.com\/federa%C3%A7%C3%A3oportuguesade.orientacao\">http:\/\/www.facebook.com\/federa\u00e7\u00e3oportuguesade.orientacao<\/a><\/li>\n<\/ul>\n<p>&nbsp;<\/p>\n<p><img loading=\"lazy\" class=\"aligncenter size-thumbnail wp-image-2139\" src=\"http:\/\/cifo2018.ori-estarreja.pt\/wp-content\/uploads\/2015\/10\/o-por_200px-150x150.png\" alt=\"o-por_200px\" width=\"150\" height=\"150\" srcset=\"https:\/\/cifo2018.ori-estarreja.pt\/wp-content\/uploads\/2015\/10\/o-por_200px-150x150.png 150w, https:\/\/cifo2018.ori-estarreja.pt\/wp-content\/uploads\/2015\/10\/o-por_200px.png 200w\" sizes=\"(max-width: 150px) 100vw, 150px\" \/><\/p>\n<p><strong>Campos de Entrenamiento \u2013 O-Portugal:<\/strong><\/p>\n<ul>\n<li><strong><em>E-mail:\u00a0<\/em><\/strong><a href=\"mailto:info.oportugal@gmail.com\">oportugal@gmail.com<\/a><\/li>\n<li><strong><em>Tel:\u00a0<\/em><\/strong>(+351)\u00a0965197376<\/li>\n<li><strong><em>Sitio Web:\u00a0<\/em><\/strong><a href=\"http:\/\/www.o-portugal.pt\/\">http:\/\/www.o-portugal.pt\/<\/a><\/li>\n<li><strong><em>Facebook:<\/em><\/strong>\u00a0<a href=\"https:\/\/www.facebook.com\/OPortugalTC\">https:\/\/www.facebook.com\/OPortugalTC<\/a><\/li>\n<\/ul>\n","protected":false},"excerpt":{"rendered":"<p>Evento en facebook:\u00a0https:\/\/www.facebook.com\/oriestarrejaevents\/ Ori \u2013 Estarreja:\u00a0 E-mail informaciones:\u00a0info@ori-estarreja.pt E-mail inscriptiones:\u00a0inscrever@ori-estarreja.pt Sitio Web:\u00a0http:\/\/cifo2018.ori-estarreja.pt Facebook:\u00a0http:\/\/www.facebook.com\/oriestarreja &nbsp; Federa\u00e7\u00e3o Portuguesa de Orienta\u00e7\u00e3o:\u00a0 E-mail:\u00a0geral@fpo.pt Tel:\u00a0(+351) 244 575 074 Sitio\u00a0Web:\u00a0http:\/\/www.fpo.pt Facebook:\u00a0http:\/\/www.facebook.com\/federa\u00e7\u00e3oportuguesade.orientacao &nbsp; Campos de Entrenamiento \u2013 &#8230;<\/p>\n","protected":false},"author":1,"featured_media":0,"parent":0,"menu_order":0,"comment_status":"closed","ping_status":"closed","template":"","meta":[],"_links":{"self":[{"href":"https:\/\/cifo2018.ori-estarreja.pt\/index.php?rest_route=\/wp\/v2\/pages\/2611"}],"collection":[{"href":"https:\/\/cifo2018.ori-estarreja.pt\/index.php?rest_route=\/wp\/v2\/pages"}],"about":[{"href":"https:\/\/cifo2018.ori-estarreja.pt\/index.php?rest_route=\/wp\/v2\/types\/page"}],"author":[{"embeddable":true,"href":"https:\/\/cifo2018.ori-estarreja.pt\/index.php?rest_route=\/wp\/v2\/users\/1"}],"replies":[{"embeddable":true,"href":"https:\/\/cifo2018.ori-estarreja.pt\/index.php?rest_route=%2Fwp%2Fv2%2Fcomments&post=2611"}],"version-history":[{"count":4,"href":"https:\/\/cifo2018.ori-estarreja.pt\/index.php?rest_route=\/wp\/v2\/pages\/2611\/revisions"}],"predecessor-version":[{"id":3406,"href":"https:\/\/cifo2018.ori-estarreja.pt\/index.php?rest_route=\/wp\/v2\/pages\/2611\/revisions\/3406"}],"wp:attachment":[{"href":"https:\/\/cifo2018.ori-estarreja.pt\/index.php?rest_route=%2Fwp%2Fv2%2Fmedia&parent=2611"}],"curies":[{"name":"wp","href":"https:\/\/api.w.org\/{rel}","templated":true}]}}